{"id":1783,"date":"2023-03-24T15:19:43","date_gmt":"2023-03-24T14:19:43","guid":{"rendered":"https:\/\/miles-lift.com\/projektiranje\/"},"modified":"2024-07-12T13:45:23","modified_gmt":"2024-07-12T11:45:23","slug":"planung","status":"publish","type":"page","link":"https:\/\/miles-lift.com\/de\/planung\/","title":{"rendered":"Planung"},"content":{"rendered":"<section class=\"wpb-content-wrapper\"><p>[vc_row wrap_container=&#8220;yes&#8220; is_section=&#8220;yes&#8220; section_skin=&#8220;parallax&#8220; remove_border=&#8220;yes&#8220; css=&#8220;.vc_custom_1556842439519{margin-bottom: 30px !important;}&#8220;][vc_column animation_delay=&#8220;200&#8243; offset=&#8220;vc_col-md-6&#8243; animation_type=&#8220;fadeInLeft&#8220; el_class=&#8220;mb-4 mb-lg-0&#8243;][vc_custom_heading text=&#8220;Planung&#8220; use_theme_fonts=&#8220;yes&#8220;][vc_column_text]Bei der Planung Ihres Aufzugssystems ist unser fachkundiges Personal genau der richtige Ansprechpartner. Unser Planungsteam besteht aus qualifizierten und erfahrenen Fachleuten und widmet sich Ihren W\u00fcnschen. Alles wird getan, um Ihre W\u00fcnsche zu verwirklichen, damit das Endergebnis so nah wie m\u00f6glich an dem ist, was Sie sich vorgestellt haben. Egal welcher Wunsch, Design oder Anzahl der Stockwerke: Unser Team l\u00e4sst nichts ungel\u00f6st. Deshalb arbeitet unser Team nach dem Motto: Ein Plan ohne Ziel ist nur ein Wunsch!<\/p>\n<p>Die Planungsleiter \u00fcberwachen die Produktion bis zur endg\u00fcltigen Installation des Aufzugs.<br \/>\n[\/vc_column_text][\/vc_column][vc_column width=&#8220;1\/2&#8243; animation_delay=&#8220;400&#8243; offset=&#8220;vc_col-md-3&#8243; animation_type=&#8220;fadeInLeft&#8220;][vc_single_image image=&#8220;960&#8243; img_size=&#8220;full&#8220; css=&#8220;.vc_custom_1690460597802{margin-top: -10px !important;}&#8220;][\/vc_column][vc_column width=&#8220;1\/2&#8243; animation_delay=&#8220;600&#8243; offset=&#8220;vc_col-md-3&#8243; el_class=&#8220;full-height&#8220; animation_type=&#8220;fadeInLeft&#8220;][vc_single_image image=&#8220;961&#8243; img_size=&#8220;full&#8220; css=&#8220;.vc_custom_1690460648680{margin-top: 10px !important;}&#8220;][\/vc_column][\/vc_row][vc_row][vc_column width=&#8220;1\/6&#8243;][\/vc_column][vc_column width=&#8220;2\/3&#8243;][vc_custom_heading text=&#8220;Senden Sie uns eine Nachricht&#8220; font_container=&#8220;tag:h2|text_align:center&#8220; use_theme_fonts=&#8220;yes&#8220;][vc_custom_heading text=&#8220;Kontaktieren Sie uns, um zu erfahren, wie wir Ihnen helfen k\u00f6nnen.&#8220; font_container=&#8220;tag:p|text_align:center&#8220; use_theme_fonts=&#8220;yes&#8220;][vc_column_text]<div class=\"wpforms-container wpforms-container-full wpforms-render-modern\" id=\"wpforms-1843\"><form id=\"wpforms-form-1843\" class=\"wpforms-validate wpforms-form wpforms-ajax-form\" data-formid=\"1843\" method=\"post\" enctype=\"multipart\/form-data\" action=\"\/de\/wp-json\/wp\/v2\/pages\/1783\" data-token=\"68abf9b32638b7f6c17b526c5b42681b\"><noscript class=\"wpforms-error-noscript\">Bitte aktiviere JavaScript in deinem Browser, um dieses Formular fertigzustellen.<\/noscript><div class=\"wpforms-hidden\" id=\"wpforms-error-noscript\">Bitte aktiviere JavaScript in deinem Browser, um dieses Formular fertigzustellen.<\/div><div class=\"wpforms-field-container\"><div id=\"wpforms-1843-field_0-container\" class=\"wpforms-field wpforms-field-name\" data-field-id=\"0\"><fieldset><legend class=\"wpforms-field-label\">Ihr Name <span class=\"wpforms-required-label\" aria-hidden=\"true\">*<\/span><\/legend><div class=\"wpforms-field-row wpforms-field-large\"><div class=\"wpforms-field-row-block wpforms-first wpforms-one-half\"><input type=\"text\" id=\"wpforms-1843-field_0\" class=\"wpforms-field-name-first wpforms-field-required\" name=\"wpforms[fields][0][first]\" aria-errormessage=\"wpforms-1843-field_0-error\" required><label for=\"wpforms-1843-field_0\" class=\"wpforms-field-sublabel after \">Vorname<\/label><\/div><div class=\"wpforms-field-row-block wpforms-one-half\"><input type=\"text\" id=\"wpforms-1843-field_0-last\" class=\"wpforms-field-name-last wpforms-field-required\" name=\"wpforms[fields][0][last]\" aria-errormessage=\"wpforms-1843-field_0-last-error\" required><label for=\"wpforms-1843-field_0-last\" class=\"wpforms-field-sublabel after \">Nachname<\/label><\/div><\/div><\/fieldset><\/div><div id=\"wpforms-1843-field_1-container\" class=\"wpforms-field wpforms-field-email\" data-field-id=\"1\"><label class=\"wpforms-field-label\" for=\"wpforms-1843-field_1\">E-Mail-Adresse <span class=\"wpforms-required-label\" aria-hidden=\"true\">*<\/span><\/label><input type=\"email\" id=\"wpforms-1843-field_1\" class=\"wpforms-field-large wpforms-field-required\" name=\"wpforms[fields][1]\" spellcheck=\"false\" aria-errormessage=\"wpforms-1843-field_1-error\" required><\/div><div id=\"wpforms-1843-field_3-container\" class=\"wpforms-field wpforms-field-text\" data-field-id=\"3\"><label class=\"wpforms-field-label\" for=\"wpforms-1843-field_3\">Betreff<\/label><input type=\"text\" id=\"wpforms-1843-field_3\" class=\"wpforms-field-medium\" name=\"wpforms[fields][3]\" aria-errormessage=\"wpforms-1843-field_3-error\" ><\/div><div id=\"wpforms-1843-field_2-container\" class=\"wpforms-field wpforms-field-textarea\" data-field-id=\"2\"><label class=\"wpforms-field-label\" for=\"wpforms-1843-field_2\">Kommentar oder Nachricht<\/label><textarea id=\"wpforms-1843-field_2\" class=\"wpforms-field-medium\" name=\"wpforms[fields][2]\" aria-errormessage=\"wpforms-1843-field_2-error\" ><\/textarea><\/div><\/div><!-- .wpforms-field-container --><div class=\"wpforms-submit-container\" ><input type=\"hidden\" name=\"wpforms[id]\" value=\"1843\"><input type=\"hidden\" name=\"wpforms[author]\" value=\"2\"><button type=\"submit\" name=\"wpforms[submit]\" id=\"wpforms-submit-1843\" class=\"wpforms-submit\" data-alt-text=\"Wird gesendet\u00a0\u2026\" data-submit-text=\"Absenden\" aria-live=\"assertive\" value=\"wpforms-submit\">Absenden<\/button><img loading=\"lazy\" decoding=\"async\" src=\"https:\/\/miles-lift.com\/wp-content\/plugins\/wpforms-lite\/assets\/images\/submit-spin.svg\" class=\"wpforms-submit-spinner\" style=\"display: none;\" width=\"26\" height=\"26\" alt=\"Wird geladen\"><\/div><\/form><\/div>  <!-- .wpforms-container -->[\/vc_column_text][\/vc_column][vc_column width=&#8220;1\/6&#8243;][\/vc_column][\/vc_row][vc_row full_width=&#8220;stretch_row_content&#8220; wrap_container=&#8220;yes&#8220; is_section=&#8220;yes&#8220; remove_margin_top=&#8220;yes&#8220; remove_margin_bottom=&#8220;yes&#8220; remove_border=&#8220;yes&#8220; el_class=&#8220;section-custom-construction&#8220; conditional_render=&#8220;%5B%7B%22value_role%22%3A%22administrator%22%7D%5D&#8220; css=&#8220;.vc_custom_1701771612328{background-color: #ffffff !important;}&#8220;][vc_column el_class=&#8220;pb-3 pb-sm-0&#8243; conditional_render=&#8220;%5B%7B%22value_role%22%3A%22administrator%22%7D%5D&#8220;][vc_custom_heading text=&#8220;Weitere Dienstleistungen&#8220; font_container=&#8220;tag:h2|font_size:2em|text_align:left&#8220; use_theme_fonts=&#8220;yes&#8220; animation_duration=&#8220;&#8220; animation_delay=&#8220;&#8220; el_class=&#8220;m-t-md mb-2&#8243;][vc_custom_heading text=&#8220;Moderner Design und zeitgem\u00e4\u00dfe Fertigung sind unsere Hauptmerkmale.&#8220; font_container=&#8220;tag:p|font_size:1.2em|text_align:left&#8220; use_theme_fonts=&#8220;yes&#8220; font_weight=&#8220;300&#8243; animation_duration=&#8220;&#8220; animation_delay=&#8220;&#8220; el_class=&#8220;mb-5&#8243;][vc_row_inner el_class=&#8220;mb-2&#8243;][vc_column_inner width=&#8220;1\/3&#8243; animation_duration=&#8220;&#8220; animation_delay=&#8220;&#8220;]<div class=\"porto-sicon-box mb-4 pb-2  wpb_custom_f190ae1a61610e337c8fb1f74be2ddac style_1 left-icon\"><div class=\"porto-sicon-left\"><div id=\"porto-icon-19398008576a070220540cc\" class=\"porto-just-icon-wrapper porto-sicon-img\" style=\"font-size: 50px;\"><img loading=\"lazy\" decoding=\"async\" class=\"img-icon\" alt=\"\" src=\"https:\/\/miles-lift.com\/wp-content\/uploads\/2023\/06\/icons8-consultation-50.png\" width=\"50\" height=\"50\" \/><\/div><\/div><div class=\"porto-sicon-body\"><div class=\"porto-sicon-header\" style=\"margin-bottom:-.5rem;\"><h3 class=\"porto-sicon-title\" style=\"\">Beratung<\/h3><\/div> <!-- header --><div class=\"porto-sicon-description\" style=\"\"><a class=\"porto-sicon-read xx\" href=\"https:\/\/miles-lift.com\/de\/beratung\/\">Lesen Sie mehr<span>&nbsp;&raquo;<\/span><\/a><\/div> <!-- description --><\/div><\/div><!-- porto-sicon-box --><div class=\"porto-sicon-box mb-4 pb-2  wpb_custom_f190ae1a61610e337c8fb1f74be2ddac style_1 left-icon\"><div class=\"porto-sicon-left\"><div id=\"porto-icon-10593329136a07022054899\" class=\"porto-just-icon-wrapper porto-sicon-img\" style=\"font-size: 50px;\"><img loading=\"lazy\" decoding=\"async\" class=\"img-icon\" alt=\"\" src=\"https:\/\/miles-lift.com\/wp-content\/uploads\/2023\/06\/icons8-agreement-like-50.png\" width=\"50\" height=\"50\" \/><\/div><\/div><div class=\"porto-sicon-body\"><div class=\"porto-sicon-header\" style=\"margin-bottom:-.5rem;\"><h3 class=\"porto-sicon-title\" style=\"\">Verkauf<\/h3><\/div> <!-- header --><div class=\"porto-sicon-description\" style=\"\"><a class=\"porto-sicon-read xx\" href=\"https:\/\/miles-lift.com\/de\/verkauf\/\">Lesen Sie mehr<span>&nbsp;&raquo;<\/span><\/a><\/div> <!-- description --><\/div><\/div><!-- porto-sicon-box -->[\/vc_column_inner][vc_column_inner width=&#8220;1\/3&#8243; animation_duration=&#8220;&#8220; animation_delay=&#8220;&#8220;]<div class=\"porto-sicon-box mb-4 pb-2  wpb_custom_f190ae1a61610e337c8fb1f74be2ddac style_1 left-icon\"><div class=\"porto-sicon-left\"><div id=\"porto-icon-8626537696a07022056082\" class=\"porto-just-icon-wrapper porto-sicon-img\" style=\"font-size: 50px;\"><img loading=\"lazy\" decoding=\"async\" class=\"img-icon\" alt=\"\" src=\"https:\/\/miles-lift.com\/wp-content\/uploads\/2023\/06\/icons8-support-50.png\" width=\"50\" height=\"50\" \/><\/div><\/div><div class=\"porto-sicon-body\"><div class=\"porto-sicon-header\" style=\"margin-bottom:-.5rem;\"><h3 class=\"porto-sicon-title\" style=\"\">Montage<\/h3><\/div> <!-- header --><div class=\"porto-sicon-description\" style=\"\"><a class=\"porto-sicon-read xx\" href=\"https:\/\/miles-lift.com\/de\/montage\/\">Lesen Sie mehr<span>&nbsp;&raquo;<\/span><\/a><\/div> <!-- description --><\/div><\/div><!-- porto-sicon-box --><div class=\"porto-sicon-box mb-4 pb-2  wpb_custom_f190ae1a61610e337c8fb1f74be2ddac style_1 left-icon\"><div class=\"porto-sicon-left\"><div id=\"porto-icon-11277793676a07022057b2b\" class=\"porto-just-icon-wrapper porto-sicon-img\" style=\"font-size: 50px;\"><img loading=\"lazy\" decoding=\"async\" class=\"img-icon\" alt=\"\" src=\"https:\/\/miles-lift.com\/wp-content\/uploads\/2023\/06\/icons8-refresh-50.png\" width=\"50\" height=\"50\" \/><\/div><\/div><div class=\"porto-sicon-body\"><div class=\"porto-sicon-header\" style=\"margin-bottom:-.5rem;\"><h3 class=\"porto-sicon-title\" style=\"\">Modernisierung<\/h3><\/div> <!-- header --><div class=\"porto-sicon-description\" style=\"\"><a class=\"porto-sicon-read xx\" href=\"https:\/\/miles-lift.com\/de\/modernisierung\/\" title='General Construction'>Lesen Sie mehr<span>&nbsp;&raquo;<\/span><\/a><\/div> <!-- description --><\/div><\/div><!-- porto-sicon-box -->[\/vc_column_inner][vc_column_inner width=&#8220;1\/3&#8243; animation_duration=&#8220;&#8220; animation_delay=&#8220;&#8220;]<div class=\"porto-sicon-box mb-4 pb-2  wpb_custom_f190ae1a61610e337c8fb1f74be2ddac style_1 left-icon\"><div class=\"porto-sicon-left\"><div id=\"porto-icon-5299555366a0702205840e\" class=\"porto-just-icon-wrapper porto-sicon-img\" style=\"font-size: 50px;\"><img loading=\"lazy\" decoding=\"async\" class=\"img-icon\" alt=\"\" src=\"https:\/\/miles-lift.com\/wp-content\/uploads\/2023\/06\/icons8-maintenance-50.png\" width=\"50\" height=\"50\" \/><\/div><\/div><div class=\"porto-sicon-body\"><div class=\"porto-sicon-header\" style=\"margin-bottom:-.5rem;\"><h3 class=\"porto-sicon-title\" style=\"\">Wartung<\/h3><\/div> <!-- header --><div class=\"porto-sicon-description\" style=\"\"><a class=\"porto-sicon-read xx\" href=\"https:\/\/miles-lift.com\/de\/wartung\/\">Lesen Sie mehr<span>&nbsp;&raquo;<\/span><\/a><\/div> <!-- description --><\/div><\/div><!-- porto-sicon-box -->[\/vc_column_inner][\/vc_row_inner][\/vc_column][\/vc_row]<\/p>\n<\/section>","protected":false},"excerpt":{"rendered":"<p>[vc_row wrap_container=&#8220;yes&#8220; is_section=&#8220;yes&#8220; section_skin=&#8220;parallax&#8220; remove_border=&#8220;yes&#8220; css=&#8220;.vc_custom_1556842439519{margin-bottom: 30px !important;}&#8220;][vc_column animation_delay=&#8220;200&#8243; offset=&#8220;vc_col-md-6&#8243; animation_type=&#8220;fadeInLeft&#8220; el_class=&#8220;mb-4 mb-lg-0&#8243;][vc_custom_heading text=&#8220;Planung&#8220; use_theme_fonts=&#8220;yes&#8220;][vc_column_text]Bei der Planung Ihres Aufzugssystems ist unser fachkundiges Personal genau der richtige Ansprechpartner. Unser Planungsteam besteht aus qualifizierten und erfahrenen Fachleuten und widmet sich Ihren W\u00fcnschen. Alles wird getan, um Ihre W\u00fcnsche zu verwirklichen, damit das Endergebnis so nah wie m\u00f6glich [&hellip;]<\/p>\n","protected":false},"author":2,"featured_media":0,"parent":0,"menu_order":0,"comment_status":"closed","ping_status":"closed","template":"","meta":{"footnotes":""},"aioseo_notices":[],"_links":{"self":[{"href":"https:\/\/miles-lift.com\/de\/wp-json\/wp\/v2\/pages\/1783"}],"collection":[{"href":"https:\/\/miles-lift.com\/de\/wp-json\/wp\/v2\/pages"}],"about":[{"href":"https:\/\/miles-lift.com\/de\/wp-json\/wp\/v2\/types\/page"}],"author":[{"embeddable":true,"href":"https:\/\/miles-lift.com\/de\/wp-json\/wp\/v2\/users\/2"}],"replies":[{"embeddable":true,"href":"https:\/\/miles-lift.com\/de\/wp-json\/wp\/v2\/comments?post=1783"}],"version-history":[{"count":9,"href":"https:\/\/miles-lift.com\/de\/wp-json\/wp\/v2\/pages\/1783\/revisions"}],"predecessor-version":[{"id":2103,"href":"https:\/\/miles-lift.com\/de\/wp-json\/wp\/v2\/pages\/1783\/revisions\/2103"}],"wp:attachment":[{"href":"https:\/\/miles-lift.com\/de\/wp-json\/wp\/v2\/media?parent=1783"}],"curies":[{"name":"wp","href":"https:\/\/api.w.org\/{rel}","templated":true}]}}