{"id":1779,"date":"2023-03-24T15:21:06","date_gmt":"2023-03-24T14:21:06","guid":{"rendered":"https:\/\/miles-lift.com\/prodaja\/"},"modified":"2024-07-12T13:50:38","modified_gmt":"2024-07-12T11:50:38","slug":"verkauf","status":"publish","type":"page","link":"https:\/\/miles-lift.com\/de\/verkauf\/","title":{"rendered":"Verkauf"},"content":{"rendered":"<section class=\"wpb-content-wrapper\"><p>[vc_row][vc_column][vc_row_inner][vc_column_inner width=&#8220;1\/2&#8243;][vc_custom_heading text=&#8220;Verkauf&#8220; use_theme_fonts=&#8220;yes&#8220;][vc_column_text]Im Laufe der langj\u00e4hrigen Gesch\u00e4ftst\u00e4tigkeit wurde das Unternehmen vom Markt f\u00fcr sein vielf\u00e4ltiges Sortiment renommierter internationaler Hersteller erkannt und hat sich gro\u00dfes Vertrauen bei Gesch\u00e4ftspartnern erworben.<\/p>\n<p>Seinen Erfolg verdankt es der guten lokalen und regionalen Marktabdeckung, der Konsequenz in der Umsetzung der Gesch\u00e4ftsstrategie der Unternehmensf\u00fchrung, der Erfahrung und Professionalit\u00e4t der Mitarbeiter, der Teamarbeit und der Planung.[\/vc_column_text][\/vc_column_inner][vc_column_inner width=&#8220;1\/2&#8243;][vc_single_image image=&#8220;957&#8243; img_size=&#8220;full&#8220;][\/vc_column_inner][\/vc_row_inner][\/vc_column][\/vc_row][vc_row][vc_column width=&#8220;1\/2&#8243;][vc_row_inner][vc_column_inner][vc_single_image image=&#8220;958&#8243; img_size=&#8220;full&#8220;][\/vc_column_inner][\/vc_row_inner][\/vc_column][vc_column width=&#8220;1\/2&#8243;][vc_column_text]Wenn Sie ein neues, kompetentes, sicheres und hochwertiges Aufzugssystem suchen, dann sind Sie hier genau richtig. Wir bieten Ihnen eine breite Palette an, wie:<\/p>\n<ul>\n<li>Personenaufz\u00fcge<\/li>\n<li>Lastenaufz\u00fcge<\/li>\n<li>K\u00fcchenaufz\u00fcge<\/li>\n<li>Fahrtreppen und -b\u00e4nder<\/li>\n<\/ul>\n<p>Unser Angebot umfasst nicht nur komplette Systeme, sondern auch Einzelkomponenten, die Sie zu fairen Preisen erhalten k\u00f6nnen. Wir helfen Ihnen gerne weiter.<\/p>\n<p>Kontaktieren Sie uns und wir erstellen ein unverbindliches Angebot, das am besten zu Ihnen passt.[\/vc_column_text][\/vc_column][\/vc_row][vc_row][vc_column width=&#8220;1\/6&#8243;][\/vc_column][vc_column width=&#8220;2\/3&#8243;][vc_empty_space][vc_custom_heading text=&#8220;Senden Sie uns eine Nachricht&#8220; font_container=&#8220;tag:h2|text_align:center&#8220; use_theme_fonts=&#8220;yes&#8220;][vc_custom_heading text=&#8220;Kontaktieren Sie uns, um zu erfahren, wie wir Ihnen helfen k\u00f6nnen.&#8220; font_container=&#8220;tag:p|text_align:center&#8220; use_theme_fonts=&#8220;yes&#8220;][vc_column_text]<div class=\"wpforms-container wpforms-container-full wpforms-render-modern\" id=\"wpforms-1847\"><form id=\"wpforms-form-1847\" class=\"wpforms-validate wpforms-form wpforms-ajax-form\" data-formid=\"1847\" method=\"post\" enctype=\"multipart\/form-data\" action=\"\/de\/wp-json\/wp\/v2\/pages\/1779\" data-token=\"a25ef0a1890df9359a2b99e38f8d7d5f\"><noscript class=\"wpforms-error-noscript\">Bitte aktiviere JavaScript in deinem Browser, um dieses Formular fertigzustellen.<\/noscript><div class=\"wpforms-hidden\" id=\"wpforms-error-noscript\">Bitte aktiviere JavaScript in deinem Browser, um dieses Formular fertigzustellen.<\/div><div class=\"wpforms-field-container\"><div id=\"wpforms-1847-field_0-container\" class=\"wpforms-field wpforms-field-name\" data-field-id=\"0\"><fieldset><legend class=\"wpforms-field-label\">Ihr Name <span class=\"wpforms-required-label\" aria-hidden=\"true\">*<\/span><\/legend><div class=\"wpforms-field-row wpforms-field-large\"><div class=\"wpforms-field-row-block wpforms-first wpforms-one-half\"><input type=\"text\" id=\"wpforms-1847-field_0\" class=\"wpforms-field-name-first wpforms-field-required\" name=\"wpforms[fields][0][first]\" aria-errormessage=\"wpforms-1847-field_0-error\" required><label for=\"wpforms-1847-field_0\" class=\"wpforms-field-sublabel after \">Vorname<\/label><\/div><div class=\"wpforms-field-row-block wpforms-one-half\"><input type=\"text\" id=\"wpforms-1847-field_0-last\" class=\"wpforms-field-name-last wpforms-field-required\" name=\"wpforms[fields][0][last]\" aria-errormessage=\"wpforms-1847-field_0-last-error\" required><label for=\"wpforms-1847-field_0-last\" class=\"wpforms-field-sublabel after \">Nachname<\/label><\/div><\/div><\/fieldset><\/div><div id=\"wpforms-1847-field_1-container\" class=\"wpforms-field wpforms-field-email\" data-field-id=\"1\"><label class=\"wpforms-field-label\" for=\"wpforms-1847-field_1\">E-Mail-Adresse <span class=\"wpforms-required-label\" aria-hidden=\"true\">*<\/span><\/label><input type=\"email\" id=\"wpforms-1847-field_1\" class=\"wpforms-field-large wpforms-field-required\" name=\"wpforms[fields][1]\" spellcheck=\"false\" aria-errormessage=\"wpforms-1847-field_1-error\" required><\/div><div id=\"wpforms-1847-field_3-container\" class=\"wpforms-field wpforms-field-text\" data-field-id=\"3\"><label class=\"wpforms-field-label\" for=\"wpforms-1847-field_3\">Betreff<\/label><input type=\"text\" id=\"wpforms-1847-field_3\" class=\"wpforms-field-medium\" name=\"wpforms[fields][3]\" aria-errormessage=\"wpforms-1847-field_3-error\" ><\/div><div id=\"wpforms-1847-field_2-container\" class=\"wpforms-field wpforms-field-textarea\" data-field-id=\"2\"><label class=\"wpforms-field-label\" for=\"wpforms-1847-field_2\">Kommentar oder Nachricht<\/label><textarea id=\"wpforms-1847-field_2\" class=\"wpforms-field-medium\" name=\"wpforms[fields][2]\" aria-errormessage=\"wpforms-1847-field_2-error\" ><\/textarea><\/div><\/div><!-- .wpforms-field-container --><div class=\"wpforms-submit-container\" ><input type=\"hidden\" name=\"wpforms[id]\" value=\"1847\"><input type=\"hidden\" name=\"wpforms[author]\" value=\"2\"><button type=\"submit\" name=\"wpforms[submit]\" id=\"wpforms-submit-1847\" class=\"wpforms-submit\" data-alt-text=\"Wird gesendet\u00a0\u2026\" data-submit-text=\"Absenden\" aria-live=\"assertive\" value=\"wpforms-submit\">Absenden<\/button><img loading=\"lazy\" decoding=\"async\" src=\"https:\/\/miles-lift.com\/wp-content\/plugins\/wpforms-lite\/assets\/images\/submit-spin.svg\" class=\"wpforms-submit-spinner\" style=\"display: none;\" width=\"26\" height=\"26\" alt=\"Wird geladen\"><\/div><\/form><\/div>  <!-- .wpforms-container -->[\/vc_column_text][\/vc_column][vc_column width=&#8220;1\/6&#8243;][\/vc_column][\/vc_row][vc_row full_width=&#8220;stretch_row_content&#8220; wrap_container=&#8220;yes&#8220; is_section=&#8220;yes&#8220; remove_margin_top=&#8220;yes&#8220; remove_margin_bottom=&#8220;yes&#8220; remove_border=&#8220;yes&#8220; el_class=&#8220;section-custom-construction&#8220; conditional_render=&#8220;%5B%7B%22value_role%22%3A%22administrator%22%7D%5D&#8220; css=&#8220;.vc_custom_1701771612328{background-color: #ffffff !important;}&#8220;][vc_column el_class=&#8220;pb-3 pb-sm-0&#8243; conditional_render=&#8220;%5B%7B%22value_role%22%3A%22administrator%22%7D%5D&#8220;][vc_custom_heading text=&#8220;Weitere Dienstleistungen&#8220; font_container=&#8220;tag:h2|font_size:2em|text_align:left&#8220; use_theme_fonts=&#8220;yes&#8220; animation_duration=&#8220;&#8220; animation_delay=&#8220;&#8220; el_class=&#8220;m-t-md mb-2&#8243;][vc_custom_heading text=&#8220;Moderner Design und zeitgem\u00e4\u00dfe Fertigung sind unsere Hauptmerkmale.&#8220; font_container=&#8220;tag:p|font_size:1.2em|text_align:left&#8220; use_theme_fonts=&#8220;yes&#8220; font_weight=&#8220;300&#8243; animation_duration=&#8220;&#8220; animation_delay=&#8220;&#8220; el_class=&#8220;mb-5&#8243;][vc_row_inner el_class=&#8220;mb-2&#8243;][vc_column_inner width=&#8220;1\/3&#8243; animation_duration=&#8220;&#8220; animation_delay=&#8220;&#8220;]<div class=\"porto-sicon-box mb-4 pb-2  wpb_custom_f190ae1a61610e337c8fb1f74be2ddac style_1 left-icon\"><div class=\"porto-sicon-left\"><div id=\"porto-icon-2496711126a04d3661534d\" class=\"porto-just-icon-wrapper porto-sicon-img\" style=\"font-size: 50px;\"><img loading=\"lazy\" decoding=\"async\" class=\"img-icon\" alt=\"\" src=\"https:\/\/miles-lift.com\/wp-content\/uploads\/2023\/06\/icons8-consultation-50.png\" width=\"50\" height=\"50\" \/><\/div><\/div><div class=\"porto-sicon-body\"><div class=\"porto-sicon-header\" style=\"margin-bottom:-.5rem;\"><h3 class=\"porto-sicon-title\" style=\"\">Beratung<\/h3><\/div> <!-- header --><div class=\"porto-sicon-description\" style=\"\"><a class=\"porto-sicon-read xx\" href=\"https:\/\/miles-lift.com\/de\/beratung\/\">Lesen Sie mehr<span>&nbsp;&raquo;<\/span><\/a><\/div> <!-- description --><\/div><\/div><!-- porto-sicon-box --><div class=\"porto-sicon-box mb-4 pb-2  wpb_custom_f190ae1a61610e337c8fb1f74be2ddac style_1 left-icon\"><div class=\"porto-sicon-left\"><div id=\"porto-icon-9030195176a04d36615c1d\" class=\"porto-just-icon-wrapper porto-sicon-img\" style=\"font-size: 50px;\"><img loading=\"lazy\" decoding=\"async\" class=\"img-icon\" alt=\"\" src=\"https:\/\/miles-lift.com\/wp-content\/uploads\/2023\/06\/icons8-refresh-50.png\" width=\"50\" height=\"50\" \/><\/div><\/div><div class=\"porto-sicon-body\"><div class=\"porto-sicon-header\" style=\"margin-bottom:-.5rem;\"><h3 class=\"porto-sicon-title\" style=\"\">Modernisierung<\/h3><\/div> <!-- header --><div class=\"porto-sicon-description\" style=\"\"><a class=\"porto-sicon-read xx\" href=\"https:\/\/miles-lift.com\/de\/modernisierung\/\" title='General Construction'>Lesen Sie mehr<span>&nbsp;&raquo;<\/span><\/a><\/div> <!-- description --><\/div><\/div><!-- porto-sicon-box -->[\/vc_column_inner][vc_column_inner width=&#8220;1\/3&#8243; animation_duration=&#8220;&#8220; animation_delay=&#8220;&#8220;]<div class=\"porto-sicon-box mb-4 pb-2  wpb_custom_f190ae1a61610e337c8fb1f74be2ddac style_1 left-icon\"><div class=\"porto-sicon-left\"><div id=\"porto-icon-16939554446a04d3661634c\" class=\"porto-just-icon-wrapper porto-sicon-img\" style=\"font-size: 50px;\"><img loading=\"lazy\" decoding=\"async\" class=\"img-icon\" alt=\"\" src=\"https:\/\/miles-lift.com\/wp-content\/uploads\/2023\/06\/icons8-task-planning-50.png\" width=\"50\" height=\"50\" \/><\/div><\/div><div class=\"porto-sicon-body\"><div class=\"porto-sicon-header\" style=\"margin-bottom:-.5rem;\"><h3 class=\"porto-sicon-title\" style=\"\">Planung<\/h3><\/div> <!-- header --><div class=\"porto-sicon-description\" style=\"\"><a class=\"porto-sicon-read xx\" href=\"https:\/\/miles-lift.com\/de\/planung\/\" title='General Construction'>Lesen Sie mehr<span>&nbsp;&raquo;<\/span><\/a><\/div> <!-- description --><\/div><\/div><!-- porto-sicon-box --><div class=\"porto-sicon-box mb-4 pb-2  wpb_custom_f190ae1a61610e337c8fb1f74be2ddac style_1 left-icon\"><div class=\"porto-sicon-left\"><div id=\"porto-icon-1549495486a04d36616aa7\" class=\"porto-just-icon-wrapper porto-sicon-img\" style=\"font-size: 50px;\"><img loading=\"lazy\" decoding=\"async\" class=\"img-icon\" alt=\"\" src=\"https:\/\/miles-lift.com\/wp-content\/uploads\/2023\/06\/icons8-support-50.png\" width=\"50\" height=\"50\" \/><\/div><\/div><div class=\"porto-sicon-body\"><div class=\"porto-sicon-header\" style=\"margin-bottom:-.5rem;\"><h3 class=\"porto-sicon-title\" style=\"\">Montage<\/h3><\/div> <!-- header --><div class=\"porto-sicon-description\" style=\"\"><a class=\"porto-sicon-read xx\" href=\"https:\/\/miles-lift.com\/de\/montage\/\">Lesen Sie mehr<span>&nbsp;&raquo;<\/span><\/a><\/div> <!-- description --><\/div><\/div><!-- porto-sicon-box -->[\/vc_column_inner][vc_column_inner width=&#8220;1\/3&#8243; animation_duration=&#8220;&#8220; animation_delay=&#8220;&#8220;]<div class=\"porto-sicon-box mb-4 pb-2  wpb_custom_f190ae1a61610e337c8fb1f74be2ddac style_1 left-icon\"><div class=\"porto-sicon-left\"><div id=\"porto-icon-6120098456a04d3661722b\" class=\"porto-just-icon-wrapper porto-sicon-img\" style=\"font-size: 50px;\"><img loading=\"lazy\" decoding=\"async\" class=\"img-icon\" alt=\"\" src=\"https:\/\/miles-lift.com\/wp-content\/uploads\/2023\/06\/icons8-maintenance-50.png\" width=\"50\" height=\"50\" \/><\/div><\/div><div class=\"porto-sicon-body\"><div class=\"porto-sicon-header\" style=\"margin-bottom:-.5rem;\"><h3 class=\"porto-sicon-title\" style=\"\">Wartung<\/h3><\/div> <!-- header --><div class=\"porto-sicon-description\" style=\"\"><a class=\"porto-sicon-read xx\" href=\"https:\/\/miles-lift.com\/de\/wartung\/\">Lesen Sie mehr<span>&nbsp;&raquo;<\/span><\/a><\/div> <!-- description --><\/div><\/div><!-- porto-sicon-box -->[\/vc_column_inner][\/vc_row_inner][\/vc_column][\/vc_row]<\/p>\n<\/section>","protected":false},"excerpt":{"rendered":"<p>[vc_row][vc_column][vc_row_inner][vc_column_inner width=&#8220;1\/2&#8243;][vc_custom_heading text=&#8220;Verkauf&#8220; use_theme_fonts=&#8220;yes&#8220;][vc_column_text]Im Laufe der langj\u00e4hrigen Gesch\u00e4ftst\u00e4tigkeit wurde das Unternehmen vom Markt f\u00fcr sein vielf\u00e4ltiges Sortiment renommierter internationaler Hersteller erkannt und hat sich gro\u00dfes Vertrauen bei Gesch\u00e4ftspartnern erworben. Seinen Erfolg verdankt es der guten lokalen und regionalen Marktabdeckung, der Konsequenz in der Umsetzung der Gesch\u00e4ftsstrategie der Unternehmensf\u00fchrung, der Erfahrung und Professionalit\u00e4t der Mitarbeiter, der [&hellip;]<\/p>\n","protected":false},"author":2,"featured_media":0,"parent":0,"menu_order":0,"comment_status":"closed","ping_status":"closed","template":"","meta":{"footnotes":""},"aioseo_notices":[],"_links":{"self":[{"href":"https:\/\/miles-lift.com\/de\/wp-json\/wp\/v2\/pages\/1779"}],"collection":[{"href":"https:\/\/miles-lift.com\/de\/wp-json\/wp\/v2\/pages"}],"about":[{"href":"https:\/\/miles-lift.com\/de\/wp-json\/wp\/v2\/types\/page"}],"author":[{"embeddable":true,"href":"https:\/\/miles-lift.com\/de\/wp-json\/wp\/v2\/users\/2"}],"replies":[{"embeddable":true,"href":"https:\/\/miles-lift.com\/de\/wp-json\/wp\/v2\/comments?post=1779"}],"version-history":[{"count":6,"href":"https:\/\/miles-lift.com\/de\/wp-json\/wp\/v2\/pages\/1779\/revisions"}],"predecessor-version":[{"id":2102,"href":"https:\/\/miles-lift.com\/de\/wp-json\/wp\/v2\/pages\/1779\/revisions\/2102"}],"wp:attachment":[{"href":"https:\/\/miles-lift.com\/de\/wp-json\/wp\/v2\/media?parent=1779"}],"curies":[{"name":"wp","href":"https:\/\/api.w.org\/{rel}","templated":true}]}}