{"id":1771,"date":"2023-03-24T15:20:18","date_gmt":"2023-03-24T14:20:18","guid":{"rendered":"https:\/\/miles-lift.com\/odrzavanje\/"},"modified":"2024-07-12T13:50:14","modified_gmt":"2024-07-12T11:50:14","slug":"wartung","status":"publish","type":"page","link":"https:\/\/miles-lift.com\/de\/wartung\/","title":{"rendered":"Wartung"},"content":{"rendered":"<section class=\"wpb-content-wrapper\"><p>[vc_row content_placement=&#8220;middle&#8220; wrap_container=&#8220;yes&#8220; el_class=&#8220;py-5 mb-4 mb-xl-5 mt-4 mt-xl-0&#8243; el_id=&#8220;intro&#8220;][vc_column offset=&#8220;vc_col-lg-4 vc_col-md-6&#8243;][vc_custom_heading text=&#8220;Aufzugssystemwartung&#8220; use_theme_fonts=&#8220;yes&#8220;][vc_column_text]Ein Ausfall und eine Besch\u00e4digung des Aufzugssystems k\u00f6nnen sehr kostspielig und manchmal sogar gef\u00e4hrlich sein. Daher raten wir unseren Kunden, einen Vertrag \u00fcber die regelm\u00e4\u00dfige Wartung des Aufzugs abzuschlie\u00dfen.<\/p>\n<p>Pr\u00e4ventive und verantwortungsvolle Wartung ist der beste Weg, um Ausf\u00e4lle des Aufzugssystems zu verhindern, beispielsweise durch Besch\u00e4digung wichtiger Teile oder andere M\u00e4ngel. [\/vc_column_text][\/vc_column][vc_column el_class=&#8220;approach-img py-4 py-lg-0 font-10&#8243; offset=&#8220;vc_col-lg-4 vc_col-md-6&#8243;][vc_custom_heading text=&#8220;&#8220; font_container=&#8220;tag:div|text_align:left&#8220; use_theme_fonts=&#8220;yes&#8220; css=&#8220;.vc_custom_1690442353585{background-image: url(https:\/\/miles-lift.com\/wp-content\/uploads\/2023\/07\/odrzavanje-lifta.jpg?id=953) !important;}&#8220; el_class=&#8220;br-50 w-100 h-100&#8243;][vc_custom_heading text=&#8220;&#8220; font_container=&#8220;tag:div|text_align:left&#8220; use_theme_fonts=&#8220;yes&#8220; el_class=&#8220;p-center br-50 w-50 h-50&#8243; css=&#8220;.vc_custom_1593625945129{background-color: #ffffff !important;}&#8220;][vc_custom_heading text=&#8220;&#8220; font_container=&#8220;tag:div|text_align:left&#8220; use_theme_fonts=&#8220;yes&#8220; css=&#8220;.vc_custom_1690442284262{background-image: url(https:\/\/miles-lift.com\/wp-content\/uploads\/2023\/07\/odrzavanje-lifta.jpg?id=953) !important;background-position: center !important;background-repeat: no-repeat !important;background-size: cover !important;}&#8220; el_class=&#8220;br-50 w-25 h-25 p-center inner-img&#8220;][vc_custom_heading text=&#8220;&#8220; font_container=&#8220;tag:h6|text_align:left&#8220; use_theme_fonts=&#8220;yes&#8220; animation_delay=&#8220;100&#8243; el_class=&#8220;shape circle circle-1&#8243; css=&#8220;.vc_custom_1593973110711{margin-bottom: 0px !important;padding-top: 15.5px !important;padding-right: 16.5px !important;padding-bottom: 15.5px !important;padding-left: 16.5px !important;background-color: #e0e1e5 !important;}&#8220; animation_type=&#8220;zoomIn&#8220;][vc_custom_heading text=&#8220;&#8220; font_container=&#8220;tag:h6|text_align:left&#8220; use_theme_fonts=&#8220;yes&#8220; animation_delay=&#8220;100&#8243; el_class=&#8220;shape circle circle-2&#8243; css=&#8220;.vc_custom_1593626981029{margin-bottom: 0px !important;padding-top: 6px !important;padding-right: 6px !important;padding-bottom: 6px !important;padding-left: 6px !important;background-color: #e0e1e5 !important;}&#8220; animation_type=&#8220;zoomIn&#8220;][vc_custom_heading text=&#8220;&#8220; font_container=&#8220;tag:h6|text_align:left&#8220; use_theme_fonts=&#8220;yes&#8220; animation_delay=&#8220;100&#8243; el_class=&#8220;shape circle circle-3&#8243; css=&#8220;.vc_custom_1593626984486{margin-bottom: 0px !important;padding-top: 6px !important;padding-right: 6px !important;padding-bottom: 6px !important;padding-left: 6px !important;background-color: #e0e1e5 !important;}&#8220; animation_type=&#8220;zoomIn&#8220;][\/vc_column][vc_column el_class=&#8220;mt-4 mt-lg-0&#8243; offset=&#8220;vc_col-lg-4&#8243;][vc_empty_space height=&#8220;80px&#8220;][vc_column_text]Unser speziell f\u00fcr die Wartung geschultes Personal notiert, welche Faktoren in naher Zukunft zum Ausfall des Aufzugssystems f\u00fchren k\u00f6nnten, und spricht rechtzeitig mit Ihnen dar\u00fcber.<\/p>\n<p>Sollte der Aufzug dennoch ausfallen, steht Ihnen unser Personal zur Verf\u00fcgung und wird den Grund des Ausfalls ermitteln und diesen so schnell wie m\u00f6glich beheben.[\/vc_column_text][\/vc_column][\/vc_row][vc_row][vc_column width=&#8220;1\/6&#8243;][\/vc_column][vc_column width=&#8220;2\/3&#8243;][vc_custom_heading text=&#8220;Senden Sie uns eine Nachricht&#8220; font_container=&#8220;tag:h2|text_align:center&#8220; use_theme_fonts=&#8220;yes&#8220;][vc_custom_heading text=&#8220;Kontaktieren Sie uns, um zu erfahren, wie wir Ihnen helfen k\u00f6nnen.&#8220; font_container=&#8220;tag:p|text_align:center&#8220; use_theme_fonts=&#8220;yes&#8220; el_class=&#8220;m-b-lg pb-1&#8243;][vc_column_text]<div class=\"wpforms-container wpforms-container-full wpforms-render-modern\" id=\"wpforms-1846\"><form id=\"wpforms-form-1846\" class=\"wpforms-validate wpforms-form wpforms-ajax-form\" data-formid=\"1846\" method=\"post\" enctype=\"multipart\/form-data\" action=\"\/de\/wp-json\/wp\/v2\/pages\/1771\" data-token=\"8e7fd3029e23a7e7a5218add6304af93\"><noscript class=\"wpforms-error-noscript\">Bitte aktiviere JavaScript in deinem Browser, um dieses Formular fertigzustellen.<\/noscript><div class=\"wpforms-hidden\" id=\"wpforms-error-noscript\">Bitte aktiviere JavaScript in deinem Browser, um dieses Formular fertigzustellen.<\/div><div class=\"wpforms-field-container\"><div id=\"wpforms-1846-field_0-container\" class=\"wpforms-field wpforms-field-name\" data-field-id=\"0\"><fieldset><legend class=\"wpforms-field-label\">Ihr Name <span class=\"wpforms-required-label\" aria-hidden=\"true\">*<\/span><\/legend><div class=\"wpforms-field-row wpforms-field-large\"><div class=\"wpforms-field-row-block wpforms-first wpforms-one-half\"><input type=\"text\" id=\"wpforms-1846-field_0\" class=\"wpforms-field-name-first wpforms-field-required\" name=\"wpforms[fields][0][first]\" aria-errormessage=\"wpforms-1846-field_0-error\" required><label for=\"wpforms-1846-field_0\" class=\"wpforms-field-sublabel after \">Vorname<\/label><\/div><div class=\"wpforms-field-row-block wpforms-one-half\"><input type=\"text\" id=\"wpforms-1846-field_0-last\" class=\"wpforms-field-name-last wpforms-field-required\" name=\"wpforms[fields][0][last]\" aria-errormessage=\"wpforms-1846-field_0-last-error\" required><label for=\"wpforms-1846-field_0-last\" class=\"wpforms-field-sublabel after \">Nachname<\/label><\/div><\/div><\/fieldset><\/div><div id=\"wpforms-1846-field_1-container\" class=\"wpforms-field wpforms-field-email\" data-field-id=\"1\"><label class=\"wpforms-field-label\" for=\"wpforms-1846-field_1\">E-Mail-Adresse <span class=\"wpforms-required-label\" aria-hidden=\"true\">*<\/span><\/label><input type=\"email\" id=\"wpforms-1846-field_1\" class=\"wpforms-field-large wpforms-field-required\" name=\"wpforms[fields][1]\" spellcheck=\"false\" aria-errormessage=\"wpforms-1846-field_1-error\" required><\/div><div id=\"wpforms-1846-field_3-container\" class=\"wpforms-field wpforms-field-text\" data-field-id=\"3\"><label class=\"wpforms-field-label\" for=\"wpforms-1846-field_3\">Betreff<\/label><input type=\"text\" id=\"wpforms-1846-field_3\" class=\"wpforms-field-medium\" name=\"wpforms[fields][3]\" aria-errormessage=\"wpforms-1846-field_3-error\" ><\/div><div id=\"wpforms-1846-field_2-container\" class=\"wpforms-field wpforms-field-textarea\" data-field-id=\"2\"><label class=\"wpforms-field-label\" for=\"wpforms-1846-field_2\">Kommentar oder Nachricht<\/label><textarea id=\"wpforms-1846-field_2\" class=\"wpforms-field-medium\" name=\"wpforms[fields][2]\" aria-errormessage=\"wpforms-1846-field_2-error\" ><\/textarea><\/div><\/div><!-- .wpforms-field-container --><div class=\"wpforms-submit-container\" ><input type=\"hidden\" name=\"wpforms[id]\" value=\"1846\"><input type=\"hidden\" name=\"wpforms[author]\" value=\"2\"><button type=\"submit\" name=\"wpforms[submit]\" id=\"wpforms-submit-1846\" class=\"wpforms-submit\" data-alt-text=\"Wird gesendet\u00a0\u2026\" data-submit-text=\"Absenden\" aria-live=\"assertive\" value=\"wpforms-submit\">Absenden<\/button><img loading=\"lazy\" decoding=\"async\" src=\"https:\/\/miles-lift.com\/wp-content\/plugins\/wpforms-lite\/assets\/images\/submit-spin.svg\" class=\"wpforms-submit-spinner\" style=\"display: none;\" width=\"26\" height=\"26\" alt=\"Wird geladen\"><\/div><\/form><\/div>  <!-- .wpforms-container -->[\/vc_column_text][\/vc_column][vc_column width=&#8220;1\/6&#8243;][\/vc_column][\/vc_row][vc_row full_width=&#8220;stretch_row_content&#8220; wrap_container=&#8220;yes&#8220; is_section=&#8220;yes&#8220; remove_margin_top=&#8220;yes&#8220; remove_margin_bottom=&#8220;yes&#8220; remove_border=&#8220;yes&#8220; el_class=&#8220;section-custom-construction&#8220; conditional_render=&#8220;%5B%7B%22value_role%22%3A%22administrator%22%7D%5D&#8220; css=&#8220;.vc_custom_1701771612328{background-color: #ffffff !important;}&#8220;][vc_column el_class=&#8220;pb-3 pb-sm-0&#8243; conditional_render=&#8220;%5B%7B%22value_role%22%3A%22administrator%22%7D%5D&#8220;][vc_custom_heading text=&#8220;Weitere Dienstleistungen&#8220; font_container=&#8220;tag:h2|font_size:2em|text_align:left&#8220; use_theme_fonts=&#8220;yes&#8220; animation_delay=&#8220;300&#8243; el_class=&#8220;m-t-md mb-2&#8243;][vc_custom_heading text=&#8220;Moderner Design und zeitgem\u00e4\u00dfe Fertigung sind unsere Hauptmerkmale.&#8220; font_container=&#8220;tag:p|font_size:1.2em|text_align:left&#8220; use_theme_fonts=&#8220;yes&#8220; font_weight=&#8220;300&#8243; animation_duration=&#8220;&#8220; animation_delay=&#8220;&#8220; el_class=&#8220;mb-5&#8243;][vc_row_inner el_class=&#8220;mb-2&#8243;][vc_column_inner width=&#8220;1\/3&#8243; animation_duration=&#8220;&#8220; animation_delay=&#8220;&#8220;]<div class=\"porto-sicon-box mb-4 pb-2  wpb_custom_f190ae1a61610e337c8fb1f74be2ddac style_1 left-icon\"><div class=\"porto-sicon-left\"><div id=\"porto-icon-22844735469f55258b93f6\" class=\"porto-just-icon-wrapper porto-sicon-img\" style=\"font-size: 50px;\"><img loading=\"lazy\" decoding=\"async\" class=\"img-icon\" alt=\"\" src=\"https:\/\/miles-lift.com\/wp-content\/uploads\/2023\/06\/icons8-consultation-50.png\" width=\"50\" height=\"50\" \/><\/div><\/div><div class=\"porto-sicon-body\"><div class=\"porto-sicon-header\" style=\"margin-bottom:-.5rem;\"><h3 class=\"porto-sicon-title\" style=\"\">Beratung<\/h3><\/div> <!-- header --><div class=\"porto-sicon-description\" style=\"\"><a class=\"porto-sicon-read xx\" href=\"https:\/\/miles-lift.com\/de\/beratung\/\">Lesen Sie mehr<span>&nbsp;&raquo;<\/span><\/a><\/div> <!-- description --><\/div><\/div><!-- porto-sicon-box --><div class=\"porto-sicon-box mb-4 pb-2  wpb_custom_f190ae1a61610e337c8fb1f74be2ddac style_1 left-icon\"><div class=\"porto-sicon-left\"><div id=\"porto-icon-127226482969f55258b9b15\" class=\"porto-just-icon-wrapper porto-sicon-img\" style=\"font-size: 50px;\"><img loading=\"lazy\" decoding=\"async\" class=\"img-icon\" alt=\"\" src=\"https:\/\/miles-lift.com\/wp-content\/uploads\/2023\/06\/icons8-agreement-like-50.png\" width=\"50\" height=\"50\" \/><\/div><\/div><div class=\"porto-sicon-body\"><div class=\"porto-sicon-header\" style=\"margin-bottom:-.5rem;\"><h3 class=\"porto-sicon-title\" style=\"\">Verkauf<\/h3><\/div> <!-- header --><div class=\"porto-sicon-description\" style=\"\"><a class=\"porto-sicon-read xx\" href=\"https:\/\/miles-lift.com\/de\/verkauf\/\">Lesen Sie mehr<span>&nbsp;&raquo;<\/span><\/a><\/div> <!-- description --><\/div><\/div><!-- porto-sicon-box -->[\/vc_column_inner][vc_column_inner width=&#8220;1\/3&#8243; animation_duration=&#8220;&#8220; animation_delay=&#8220;&#8220;]<div class=\"porto-sicon-box mb-4 pb-2  wpb_custom_f190ae1a61610e337c8fb1f74be2ddac style_1 left-icon\"><div class=\"porto-sicon-left\"><div id=\"porto-icon-40080942269f55258ba1eb\" class=\"porto-just-icon-wrapper porto-sicon-img\" style=\"font-size: 50px;\"><img loading=\"lazy\" decoding=\"async\" class=\"img-icon\" alt=\"\" src=\"https:\/\/miles-lift.com\/wp-content\/uploads\/2023\/06\/icons8-task-planning-50.png\" width=\"50\" height=\"50\" \/><\/div><\/div><div class=\"porto-sicon-body\"><div class=\"porto-sicon-header\" style=\"margin-bottom:-.5rem;\"><h3 class=\"porto-sicon-title\" style=\"\">Planung<\/h3><\/div> <!-- header --><div class=\"porto-sicon-description\" style=\"\"><a class=\"porto-sicon-read xx\" href=\"https:\/\/miles-lift.com\/de\/planung\/\" title='General Construction'>Lesen Sie mehr<span>&nbsp;&raquo;<\/span><\/a><\/div> <!-- description --><\/div><\/div><!-- porto-sicon-box --><div class=\"porto-sicon-box mb-4 pb-2  wpb_custom_f190ae1a61610e337c8fb1f74be2ddac style_1 left-icon\"><div class=\"porto-sicon-left\"><div id=\"porto-icon-152302784669f55258ba808\" class=\"porto-just-icon-wrapper porto-sicon-img\" style=\"font-size: 50px;\"><img loading=\"lazy\" decoding=\"async\" class=\"img-icon\" alt=\"\" src=\"https:\/\/miles-lift.com\/wp-content\/uploads\/2023\/06\/icons8-refresh-50.png\" width=\"50\" height=\"50\" \/><\/div><\/div><div class=\"porto-sicon-body\"><div class=\"porto-sicon-header\" style=\"margin-bottom:-.5rem;\"><h3 class=\"porto-sicon-title\" style=\"\">Modernisierung<\/h3><\/div> <!-- header --><div class=\"porto-sicon-description\" style=\"\"><a class=\"porto-sicon-read xx\" href=\"https:\/\/miles-lift.com\/de\/modernisierung\/\" title='General Construction'>Lesen Sie mehr<span>&nbsp;&raquo;<\/span><\/a><\/div> <!-- description --><\/div><\/div><!-- porto-sicon-box -->[\/vc_column_inner][vc_column_inner width=&#8220;1\/3&#8243; animation_duration=&#8220;&#8220; animation_delay=&#8220;&#8220;]<div class=\"porto-sicon-box mb-4 pb-2  wpb_custom_f190ae1a61610e337c8fb1f74be2ddac style_1 left-icon\"><div class=\"porto-sicon-left\"><div id=\"porto-icon-6311096169f55258baecf\" class=\"porto-just-icon-wrapper porto-sicon-img\" style=\"font-size: 50px;\"><img loading=\"lazy\" decoding=\"async\" class=\"img-icon\" alt=\"\" src=\"https:\/\/miles-lift.com\/wp-content\/uploads\/2023\/06\/icons8-support-50.png\" width=\"50\" height=\"50\" \/><\/div><\/div><div class=\"porto-sicon-body\"><div class=\"porto-sicon-header\" style=\"margin-bottom:-.5rem;\"><h3 class=\"porto-sicon-title\" style=\"\">Montage<\/h3><\/div> <!-- header --><div class=\"porto-sicon-description\" style=\"\"><a class=\"porto-sicon-read xx\" href=\"https:\/\/miles-lift.com\/de\/montage\/\">Lesen Sie mehr<span>&nbsp;&raquo;<\/span><\/a><\/div> <!-- description --><\/div><\/div><!-- porto-sicon-box -->[\/vc_column_inner][\/vc_row_inner][\/vc_column][\/vc_row]<\/p>\n<\/section>","protected":false},"excerpt":{"rendered":"<p>[vc_row content_placement=&#8220;middle&#8220; wrap_container=&#8220;yes&#8220; el_class=&#8220;py-5 mb-4 mb-xl-5 mt-4 mt-xl-0&#8243; el_id=&#8220;intro&#8220;][vc_column offset=&#8220;vc_col-lg-4 vc_col-md-6&#8243;][vc_custom_heading text=&#8220;Aufzugssystemwartung&#8220; use_theme_fonts=&#8220;yes&#8220;][vc_column_text]Ein Ausfall und eine Besch\u00e4digung des Aufzugssystems k\u00f6nnen sehr kostspielig und manchmal sogar gef\u00e4hrlich sein. Daher raten wir unseren Kunden, einen Vertrag \u00fcber die regelm\u00e4\u00dfige Wartung des Aufzugs abzuschlie\u00dfen. Pr\u00e4ventive und verantwortungsvolle Wartung ist der beste Weg, um Ausf\u00e4lle des Aufzugssystems zu verhindern, [&hellip;]<\/p>\n","protected":false},"author":2,"featured_media":0,"parent":0,"menu_order":0,"comment_status":"closed","ping_status":"closed","template":"","meta":{"footnotes":""},"aioseo_notices":[],"_links":{"self":[{"href":"https:\/\/miles-lift.com\/de\/wp-json\/wp\/v2\/pages\/1771"}],"collection":[{"href":"https:\/\/miles-lift.com\/de\/wp-json\/wp\/v2\/pages"}],"about":[{"href":"https:\/\/miles-lift.com\/de\/wp-json\/wp\/v2\/types\/page"}],"author":[{"embeddable":true,"href":"https:\/\/miles-lift.com\/de\/wp-json\/wp\/v2\/users\/2"}],"replies":[{"embeddable":true,"href":"https:\/\/miles-lift.com\/de\/wp-json\/wp\/v2\/comments?post=1771"}],"version-history":[{"count":6,"href":"https:\/\/miles-lift.com\/de\/wp-json\/wp\/v2\/pages\/1771\/revisions"}],"predecessor-version":[{"id":2104,"href":"https:\/\/miles-lift.com\/de\/wp-json\/wp\/v2\/pages\/1771\/revisions\/2104"}],"wp:attachment":[{"href":"https:\/\/miles-lift.com\/de\/wp-json\/wp\/v2\/media?parent=1771"}],"curies":[{"name":"wp","href":"https:\/\/api.w.org\/{rel}","templated":true}]}}