{"id":1767,"date":"2023-03-24T15:17:42","date_gmt":"2023-03-24T14:17:42","guid":{"rendered":"https:\/\/miles-lift.com\/savjetovanje\/"},"modified":"2024-07-12T13:50:08","modified_gmt":"2024-07-12T11:50:08","slug":"beratung","status":"publish","type":"page","link":"https:\/\/miles-lift.com\/de\/beratung\/","title":{"rendered":"Beratung"},"content":{"rendered":"<section class=\"wpb-content-wrapper\"><p>[vc_row][vc_column width=&#8220;1\/2&#8243; css=&#8220;.vc_custom_1690465967949{margin-bottom: 20px !important;}&#8220; conditional_render=&#8220;%5B%7B%22value_role%22%3A%22administrator%22%7D%5D&#8220;][vc_custom_heading text=&#8220;Beratung&#8220; use_theme_fonts=&#8220;yes&#8220;][vc_column_text]Unsere langj\u00e4hrige Erfahrung hilft uns, die besten L\u00f6sungen f\u00fcr Ihre Bed\u00fcrfnisse zu finden.<\/p>\n<p>Bei uns k\u00f6nnen Sie alles von der Idee \u00fcber die Planung, Fertigung und Lieferung der Produktionslinie, die Installation und Inbetriebnahme des Aufzugs erhalten.<\/p>\n<p>Wir wissen, was unseren Kunden wichtig ist, daher ist die Ausbildung und Weiterbildung unserer Mitarbeiter von gr\u00f6\u00dfter Bedeutung, w\u00e4hrend wir gleichzeitig in die Modernisierung unseres Produktionsstandorts investieren.[\/vc_column_text][\/vc_column][vc_column width=&#8220;1\/2&#8243;]<div class=\"porto-carousel owl-carousel has-ccols has-ccols-spacing ccols-1 numbered-dots custom-step-items wpb_custom_70a89e142ccf56dcd4c7bfc4b40db368 dots-style-1\" data-plugin-options=\"{&quot;stagePadding&quot;:0,&quot;margin&quot;:10,&quot;autoplay&quot;:false,&quot;mouseDrag&quot;:true,&quot;touchDrag&quot;:true,&quot;autoplayTimeout&quot;:5000,&quot;autoplayHoverPause&quot;:false,&quot;items&quot;:1,&quot;lg&quot;:1,&quot;md&quot;:1,&quot;sm&quot;:1,&quot;xs&quot;:1,&quot;nav&quot;:false,&quot;dots&quot;:&quot;yes&quot;,&quot;animateIn&quot;:&quot;&quot;,&quot;animateOut&quot;:&quot;&quot;,&quot;loop&quot;:false,&quot;center&quot;:false,&quot;video&quot;:false,&quot;lazyLoad&quot;:false,&quot;fullscreen&quot;:false}\">[vc_row_inner][vc_column_inner width=&#8220;1\/6&#8243; offset=&#8220;vc_col-xs-2&#8243;][vc_column_text css=&#8220;.vc_custom_1690541029901{margin-right: -12px !important;border-right-width: 1px !important;padding-right: 12px !important;border-right-color: #e4e4e4 !important;border-right-style: solid !important;}&#8220;]<\/p>\n<p style=\"line-height: 28px; text-align: center;\"><span style=\"font-size: 32px;\"><strong><span style=\"color: #e83822; letter-spacing: -4px;\">1<\/span><\/strong><\/span><\/p>\n<p>[\/vc_column_text][\/vc_column_inner][vc_column_inner el_class=&#8220;m-b-md&#8220; width=&#8220;5\/6&#8243; offset=&#8220;vc_col-xs-10&#8243;][vc_custom_heading text=&#8220;<strong>Welche Merkmale haben Fahrtreppen?<\/strong>&#8220; font_container=&#8220;tag:h4|font_size:20|text_align:left&#8220; use_theme_fonts=&#8220;yes&#8220; el_class=&#8220;mb-xlg font-weight-bold&#8220;][vc_column_text el_class=&#8220;m-t-lg&#8220;]Fahrtreppen aus unserem Sortiment zeichnen sich durch leisen Betrieb und Langlebigkeit aus. Moderner Design und zeitgem\u00e4\u00dfe Fertigung sind ihre Hauptmerkmale.[\/vc_column_text][\/vc_column_inner][\/vc_row_inner][vc_row_inner][vc_column_inner width=&#8220;1\/6&#8243; offset=&#8220;vc_col-xs-2&#8243;][vc_column_text css=&#8220;.vc_custom_1690541038341{margin-right: -12px !important;border-right-width: 1px !important;padding-right: 12px !important;border-right-color: #e4e4e4 !important;border-right-style: solid !important;}&#8220;]<\/p>\n<p style=\"line-height: 28px; text-align: center;\"><span style=\"font-size: 32px;\"><strong><span style=\"color: #e83822; letter-spacing: -4px;\">2<\/span><\/strong><\/span><\/p>\n<p>[\/vc_column_text][\/vc_column_inner][vc_column_inner el_class=&#8220;m-b-md&#8220; width=&#8220;5\/6&#8243; offset=&#8220;vc_col-xs-10&#8243;][vc_custom_heading text=&#8220;Welche Materialien werden bei der Herstellung von Personenaufz\u00fcgen verwendet?&#8220; font_container=&#8220;tag:h4|font_size:20|text_align:left&#8220; use_theme_fonts=&#8220;yes&#8220; el_class=&#8220;mb-xlg font-weight-bold&#8220;][vc_column_text el_class=&#8220;m-t-lg&#8220;]Aufzugskabinen fertigen wir aus Edelstahl, beschichtetem Blech, Glas, mit Kunststoff beschichtetem Blech, Steinbodenbel\u00e4gen, Holzelementen und Kombinationen verschiedener Materialien.[\/vc_column_text][\/vc_column_inner][\/vc_row_inner][vc_row_inner][vc_column_inner width=&#8220;1\/6&#8243; offset=&#8220;vc_col-xs-2&#8243;][vc_column_text css=&#8220;.vc_custom_1690541049797{margin-right: -12px !important;border-right-width: 1px !important;padding-right: 12px !important;border-right-color: #e4e4e4 !important;border-right-style: solid !important;}&#8220;]<\/p>\n<p style=\"line-height: 28px; text-align: center;\"><span style=\"font-size: 32px;\"><strong><span style=\"color: #e83822; letter-spacing: -4px;\">3<\/span><\/strong><\/span><\/p>\n<p>[\/vc_column_text][\/vc_column_inner][vc_column_inner el_class=&#8220;m-b-md&#8220; width=&#8220;5\/6&#8243; offset=&#8220;vc_col-xs-10&#8243;][vc_custom_heading text=&#8220;Wo werden Lastenaufz\u00fcge eingesetzt?&#8220; font_container=&#8220;tag:h4|font_size:20|text_align:left&#8220; use_theme_fonts=&#8220;yes&#8220; el_class=&#8220;mb-xlg font-weight-bold&#8220;][vc_column_text el_class=&#8220;m-t-lg&#8220;]Lastenaufz\u00fcge werden h\u00e4ufig zum Transport gro\u00dfer Mengen an Fracht, G\u00fctern und Menschen eingesetzt. Anwendungen: Lagerh\u00e4user, Krankenh\u00e4user, Gesch\u00e4fte, Produktionshallen usw.[\/vc_column_text][\/vc_column_inner][\/vc_row_inner][vc_row_inner][vc_column_inner width=&#8220;1\/6&#8243; offset=&#8220;vc_col-xs-2&#8243;][vc_column_text css=&#8220;.vc_custom_1690541059438{margin-right: -12px !important;border-right-width: 1px !important;padding-right: 12px !important;border-right-color: #e4e4e4 !important;border-right-style: solid !important;}&#8220;]<\/p>\n<p style=\"line-height: 28px; text-align: center;\"><span style=\"font-size: 32px;\"><strong><span style=\"color: #e83822; letter-spacing: -4px;\">4<\/span><\/strong><\/span><\/p>\n<p>[\/vc_column_text][\/vc_column_inner][vc_column_inner el_class=&#8220;m-b-md&#8220; width=&#8220;5\/6&#8243; offset=&#8220;vc_col-xs-10&#8243;][vc_custom_heading text=&#8220;Ben\u00f6tigen Sie kompetente Beratung zu Ihrer Situation?&#8220; font_container=&#8220;tag:h4|font_size:20|text_align:left&#8220; use_theme_fonts=&#8220;yes&#8220; el_class=&#8220;mb-xlg font-weight-bold&#8220;][vc_column_text el_class=&#8220;m-t-lg&#8220;]Wir unterst\u00fctzen und beraten Sie gerne und helfen Ihnen, die beste L\u00f6sung f\u00fcr Ihr Problem zu finden.<\/p>\n<p>Wir planen und fertigen Ihr System nach Ihren Vorstellungen und begleiten Sie von der Planung bis zur Umsetzung.<\/p>\n<p>Der Kauf eines Aufzugssystems ist teuer, daher sollte dies gut \u00fcberlegt sein.<\/p>\n<p>Es ist notwendig, die Situation vor Ort zu beurteilen, denn nur so k\u00f6nnen wir feststellen, welches System am besten zu Ihren W\u00fcnschen passt.<\/p>\n<p>Je fr\u00fcher Sie uns in Ihr Projekt einbeziehen, desto fr\u00fcher k\u00f6nnen wir Ihnen unsere Kompetenz zeigen.<br \/>\n[\/vc_column_text][\/vc_column_inner][\/vc_row_inner]<\/div>[\/vc_column][\/vc_row][vc_row][vc_column width=&#8220;1\/6&#8243;][\/vc_column][vc_column width=&#8220;2\/3&#8243;][vc_empty_space height=&#8220;50px&#8220;][vc_custom_heading text=&#8220;Senden Sie uns eine Nachricht&#8220; font_container=&#8220;tag:h2|text_align:center&#8220; use_theme_fonts=&#8220;yes&#8220;][vc_custom_heading text=&#8220;Kontaktieren Sie uns, um zu erfahren, wie wir Ihnen helfen k\u00f6nnen.&#8220; font_container=&#8220;tag:p|text_align:center&#8220; use_theme_fonts=&#8220;yes&#8220;][vc_column_text]<div class=\"wpforms-container wpforms-container-full wpforms-render-modern\" id=\"wpforms-1840\"><form id=\"wpforms-form-1840\" class=\"wpforms-validate wpforms-form wpforms-ajax-form\" data-formid=\"1840\" method=\"post\" enctype=\"multipart\/form-data\" action=\"\/de\/wp-json\/wp\/v2\/pages\/1767\" data-token=\"2c1062fe9027ceebc238cbeec6a181ee\"><noscript class=\"wpforms-error-noscript\">Bitte aktiviere JavaScript in deinem Browser, um dieses Formular fertigzustellen.<\/noscript><div class=\"wpforms-hidden\" id=\"wpforms-error-noscript\">Bitte aktiviere JavaScript in deinem Browser, um dieses Formular fertigzustellen.<\/div><div class=\"wpforms-field-container\"><div id=\"wpforms-1840-field_0-container\" class=\"wpforms-field wpforms-field-name\" data-field-id=\"0\"><fieldset><legend class=\"wpforms-field-label\">Ihr Name <span class=\"wpforms-required-label\" aria-hidden=\"true\">*<\/span><\/legend><div class=\"wpforms-field-row wpforms-field-large\"><div class=\"wpforms-field-row-block wpforms-first wpforms-one-half\"><input type=\"text\" id=\"wpforms-1840-field_0\" class=\"wpforms-field-name-first wpforms-field-required\" name=\"wpforms[fields][0][first]\" aria-errormessage=\"wpforms-1840-field_0-error\" required><label for=\"wpforms-1840-field_0\" class=\"wpforms-field-sublabel after \">Vorname<\/label><\/div><div class=\"wpforms-field-row-block wpforms-one-half\"><input type=\"text\" id=\"wpforms-1840-field_0-last\" class=\"wpforms-field-name-last wpforms-field-required\" name=\"wpforms[fields][0][last]\" aria-errormessage=\"wpforms-1840-field_0-last-error\" required><label for=\"wpforms-1840-field_0-last\" class=\"wpforms-field-sublabel after \">Nachname<\/label><\/div><\/div><\/fieldset><\/div><div id=\"wpforms-1840-field_1-container\" class=\"wpforms-field wpforms-field-email\" data-field-id=\"1\"><label class=\"wpforms-field-label\" for=\"wpforms-1840-field_1\">E-Mail-Adresse <span class=\"wpforms-required-label\" aria-hidden=\"true\">*<\/span><\/label><input type=\"email\" id=\"wpforms-1840-field_1\" class=\"wpforms-field-large wpforms-field-required\" name=\"wpforms[fields][1]\" spellcheck=\"false\" aria-errormessage=\"wpforms-1840-field_1-error\" required><\/div><div id=\"wpforms-1840-field_3-container\" class=\"wpforms-field wpforms-field-text\" data-field-id=\"3\"><label class=\"wpforms-field-label\" for=\"wpforms-1840-field_3\">Betreff<\/label><input type=\"text\" id=\"wpforms-1840-field_3\" class=\"wpforms-field-medium\" name=\"wpforms[fields][3]\" aria-errormessage=\"wpforms-1840-field_3-error\" ><\/div><div id=\"wpforms-1840-field_2-container\" class=\"wpforms-field wpforms-field-textarea\" data-field-id=\"2\"><label class=\"wpforms-field-label\" for=\"wpforms-1840-field_2\">Kommentar oder Nachricht<\/label><textarea id=\"wpforms-1840-field_2\" class=\"wpforms-field-medium\" name=\"wpforms[fields][2]\" aria-errormessage=\"wpforms-1840-field_2-error\" ><\/textarea><\/div><\/div><!-- .wpforms-field-container --><div class=\"wpforms-submit-container\" ><input type=\"hidden\" name=\"wpforms[id]\" value=\"1840\"><input type=\"hidden\" name=\"wpforms[author]\" value=\"2\"><button type=\"submit\" name=\"wpforms[submit]\" id=\"wpforms-submit-1840\" class=\"wpforms-submit\" data-alt-text=\"Wird gesendet\u00a0\u2026\" data-submit-text=\"Absenden\" aria-live=\"assertive\" value=\"wpforms-submit\">Absenden<\/button><img loading=\"lazy\" decoding=\"async\" src=\"https:\/\/miles-lift.com\/wp-content\/plugins\/wpforms-lite\/assets\/images\/submit-spin.svg\" class=\"wpforms-submit-spinner\" style=\"display: none;\" width=\"26\" height=\"26\" alt=\"Wird geladen\"><\/div><\/form><\/div>  <!-- .wpforms-container -->[\/vc_column_text][\/vc_column][vc_column width=&#8220;1\/6&#8243;][\/vc_column][\/vc_row][vc_row full_width=&#8220;stretch_row_content&#8220; wrap_container=&#8220;yes&#8220; is_section=&#8220;yes&#8220; remove_margin_top=&#8220;yes&#8220; remove_margin_bottom=&#8220;yes&#8220; remove_border=&#8220;yes&#8220; el_class=&#8220;section-custom-construction&#8220; conditional_render=&#8220;%5B%7B%22value_role%22%3A%22administrator%22%7D%5D&#8220; css=&#8220;.vc_custom_1701771612328{background-color: #ffffff !important;}&#8220;][vc_column el_class=&#8220;pb-3 pb-sm-0&#8243; conditional_render=&#8220;%5B%7B%22value_role%22%3A%22administrator%22%7D%5D&#8220;][vc_custom_heading text=&#8220;Weitere Dienstleistungen&#8220; font_container=&#8220;tag:h2|font_size:2em|text_align:left&#8220; use_theme_fonts=&#8220;yes&#8220; animation_duration=&#8220;&#8220; animation_delay=&#8220;&#8220; el_class=&#8220;m-t-md mb-2&#8243;][vc_custom_heading text=&#8220;Moderner Design und zeitgem\u00e4\u00dfe Fertigung sind unsere Hauptmerkmale.&#8220; font_container=&#8220;tag:p|font_size:1.2em|text_align:left&#8220; use_theme_fonts=&#8220;yes&#8220; font_weight=&#8220;300&#8243; animation_duration=&#8220;&#8220; animation_delay=&#8220;&#8220; el_class=&#8220;mb-5&#8243;][vc_row_inner el_class=&#8220;mb-2&#8243;][vc_column_inner width=&#8220;1\/3&#8243; animation_duration=&#8220;&#8220; animation_delay=&#8220;&#8220;]<div class=\"porto-sicon-box mb-4 pb-2  wpb_custom_f190ae1a61610e337c8fb1f74be2ddac style_1 left-icon\"><div class=\"porto-sicon-left\"><div id=\"porto-icon-184041350369e74bc505f81\" class=\"porto-just-icon-wrapper porto-sicon-img\" style=\"font-size: 50px;\"><img loading=\"lazy\" decoding=\"async\" class=\"img-icon\" alt=\"\" src=\"https:\/\/miles-lift.com\/wp-content\/uploads\/2023\/06\/icons8-agreement-like-50.png\" width=\"50\" height=\"50\" \/><\/div><\/div><div class=\"porto-sicon-body\"><div class=\"porto-sicon-header\" style=\"margin-bottom:-.5rem;\"><h3 class=\"porto-sicon-title\" style=\"\">Verkauf<\/h3><\/div> <!-- header --><div class=\"porto-sicon-description\" style=\"\"><a class=\"porto-sicon-read xx\" href=\"https:\/\/miles-lift.com\/de\/verkauf\/\">Lesen Sie mehr<span>&nbsp;&raquo;<\/span><\/a><\/div> <!-- description --><\/div><\/div><!-- porto-sicon-box --><div class=\"porto-sicon-box mb-4 pb-2  wpb_custom_f190ae1a61610e337c8fb1f74be2ddac style_1 left-icon\"><div class=\"porto-sicon-left\"><div id=\"porto-icon-70957793469e74bc5066ee\" class=\"porto-just-icon-wrapper porto-sicon-img\" style=\"font-size: 50px;\"><img loading=\"lazy\" decoding=\"async\" class=\"img-icon\" alt=\"\" src=\"https:\/\/miles-lift.com\/wp-content\/uploads\/2023\/06\/icons8-refresh-50.png\" width=\"50\" height=\"50\" \/><\/div><\/div><div class=\"porto-sicon-body\"><div class=\"porto-sicon-header\" style=\"margin-bottom:-.5rem;\"><h3 class=\"porto-sicon-title\" style=\"\">Modernisierung<\/h3><\/div> <!-- header --><div class=\"porto-sicon-description\" style=\"\"><a class=\"porto-sicon-read xx\" href=\"https:\/\/miles-lift.com\/de\/modernisierung\/\" title='General Construction'>Lesen Sie mehr<span>&nbsp;&raquo;<\/span><\/a><\/div> <!-- description --><\/div><\/div><!-- porto-sicon-box -->[\/vc_column_inner][vc_column_inner width=&#8220;1\/3&#8243; animation_duration=&#8220;&#8220; animation_delay=&#8220;&#8220;]<div class=\"porto-sicon-box mb-4 pb-2  wpb_custom_f190ae1a61610e337c8fb1f74be2ddac style_1 left-icon\"><div class=\"porto-sicon-left\"><div id=\"porto-icon-125828423769e74bc506e0d\" class=\"porto-just-icon-wrapper porto-sicon-img\" style=\"font-size: 50px;\"><img loading=\"lazy\" decoding=\"async\" class=\"img-icon\" alt=\"\" src=\"https:\/\/miles-lift.com\/wp-content\/uploads\/2023\/06\/icons8-task-planning-50.png\" width=\"50\" height=\"50\" \/><\/div><\/div><div class=\"porto-sicon-body\"><div class=\"porto-sicon-header\" style=\"margin-bottom:-.5rem;\"><h3 class=\"porto-sicon-title\" style=\"\">Planung<\/h3><\/div> <!-- header --><div class=\"porto-sicon-description\" style=\"\"><a class=\"porto-sicon-read xx\" href=\"https:\/\/miles-lift.com\/de\/planung\/\" title='General Construction'>Lesen Sie mehr<span>&nbsp;&raquo;<\/span><\/a><\/div> <!-- description --><\/div><\/div><!-- porto-sicon-box --><div class=\"porto-sicon-box mb-4 pb-2  wpb_custom_f190ae1a61610e337c8fb1f74be2ddac style_1 left-icon\"><div class=\"porto-sicon-left\"><div id=\"porto-icon-126163803469e74bc507473\" class=\"porto-just-icon-wrapper porto-sicon-img\" style=\"font-size: 50px;\"><img loading=\"lazy\" decoding=\"async\" class=\"img-icon\" alt=\"\" src=\"https:\/\/miles-lift.com\/wp-content\/uploads\/2023\/06\/icons8-support-50.png\" width=\"50\" height=\"50\" \/><\/div><\/div><div class=\"porto-sicon-body\"><div class=\"porto-sicon-header\" style=\"margin-bottom:-.5rem;\"><h3 class=\"porto-sicon-title\" style=\"\">Montage<\/h3><\/div> <!-- header --><div class=\"porto-sicon-description\" style=\"\"><a class=\"porto-sicon-read xx\" href=\"https:\/\/miles-lift.com\/de\/montage\/\">Lesen Sie mehr<span>&nbsp;&raquo;<\/span><\/a><\/div> <!-- description --><\/div><\/div><!-- porto-sicon-box -->[\/vc_column_inner][vc_column_inner width=&#8220;1\/3&#8243; animation_duration=&#8220;&#8220; animation_delay=&#8220;&#8220;]<div class=\"porto-sicon-box mb-4 pb-2  wpb_custom_f190ae1a61610e337c8fb1f74be2ddac style_1 left-icon\"><div class=\"porto-sicon-left\"><div id=\"porto-icon-208208317869e74bc507b54\" class=\"porto-just-icon-wrapper porto-sicon-img\" style=\"font-size: 50px;\"><img loading=\"lazy\" decoding=\"async\" class=\"img-icon\" alt=\"\" src=\"https:\/\/miles-lift.com\/wp-content\/uploads\/2023\/06\/icons8-maintenance-50.png\" width=\"50\" height=\"50\" \/><\/div><\/div><div class=\"porto-sicon-body\"><div class=\"porto-sicon-header\" style=\"margin-bottom:-.5rem;\"><h3 class=\"porto-sicon-title\" style=\"\">Wartung<\/h3><\/div> <!-- header --><div class=\"porto-sicon-description\" style=\"\"><a class=\"porto-sicon-read xx\" href=\"https:\/\/miles-lift.com\/de\/wartung\/\">Lesen Sie mehr<span>&nbsp;&raquo;<\/span><\/a><\/div> <!-- description --><\/div><\/div><!-- porto-sicon-box -->[\/vc_column_inner][\/vc_row_inner][\/vc_column][\/vc_row]<\/p>\n<\/section>","protected":false},"excerpt":{"rendered":"<p>[vc_row][vc_column width=&#8220;1\/2&#8243; css=&#8220;.vc_custom_1690465967949{margin-bottom: 20px !important;}&#8220; conditional_render=&#8220;%5B%7B%22value_role%22%3A%22administrator%22%7D%5D&#8220;][vc_custom_heading text=&#8220;Beratung&#8220; use_theme_fonts=&#8220;yes&#8220;][vc_column_text]Unsere langj\u00e4hrige Erfahrung hilft uns, die besten L\u00f6sungen f\u00fcr Ihre Bed\u00fcrfnisse zu finden. Bei uns k\u00f6nnen Sie alles von der Idee \u00fcber die Planung, Fertigung und Lieferung der Produktionslinie, die Installation und Inbetriebnahme des Aufzugs erhalten. Wir wissen, was unseren Kunden wichtig ist, daher ist die Ausbildung und [&hellip;]<\/p>\n","protected":false},"author":2,"featured_media":0,"parent":0,"menu_order":0,"comment_status":"closed","ping_status":"closed","template":"","meta":{"footnotes":""},"aioseo_notices":[],"_links":{"self":[{"href":"https:\/\/miles-lift.com\/de\/wp-json\/wp\/v2\/pages\/1767"}],"collection":[{"href":"https:\/\/miles-lift.com\/de\/wp-json\/wp\/v2\/pages"}],"about":[{"href":"https:\/\/miles-lift.com\/de\/wp-json\/wp\/v2\/types\/page"}],"author":[{"embeddable":true,"href":"https:\/\/miles-lift.com\/de\/wp-json\/wp\/v2\/users\/2"}],"replies":[{"embeddable":true,"href":"https:\/\/miles-lift.com\/de\/wp-json\/wp\/v2\/comments?post=1767"}],"version-history":[{"count":6,"href":"https:\/\/miles-lift.com\/de\/wp-json\/wp\/v2\/pages\/1767\/revisions"}],"predecessor-version":[{"id":2105,"href":"https:\/\/miles-lift.com\/de\/wp-json\/wp\/v2\/pages\/1767\/revisions\/2105"}],"wp:attachment":[{"href":"https:\/\/miles-lift.com\/de\/wp-json\/wp\/v2\/media?parent=1767"}],"curies":[{"name":"wp","href":"https:\/\/api.w.org\/{rel}","templated":true}]}}