{"id":1751,"date":"2023-03-28T11:21:09","date_gmt":"2023-03-28T09:21:09","guid":{"rendered":"https:\/\/miles-lift.com\/modernizacija\/"},"modified":"2024-07-12T13:45:23","modified_gmt":"2024-07-12T11:45:23","slug":"modernisierung","status":"publish","type":"page","link":"https:\/\/miles-lift.com\/de\/modernisierung\/","title":{"rendered":"Modernisierung"},"content":{"rendered":"<section class=\"wpb-content-wrapper\"><p>[vc_row][vc_column][vc_row_inner][vc_column_inner width=&#8220;1\/2&#8243;][vc_custom_heading text=&#8220;Kleine Modernisierung&#8220; use_theme_fonts=&#8220;yes&#8220;][vc_column_text]Wenn Ihr Aufzugssystem Schwierigkeiten hat, den gestellten Anforderungen gerecht zu werden, und die Warteschlangen in der Aufzugslobby bis auf die Stra\u00dfe reichen, dann ist es Zeit f\u00fcr eine Modernisierung. Aber was passiert, wenn das bereits \u00fcberlastete Aufzugssystem durch die Au\u00dferbetriebnahme eines oder mehrerer Aufz\u00fcge f\u00fcr Modernisierungsarbeiten zus\u00e4tzlich reduziert wird? Die Folge davon kann eine erhebliche Betriebsunterbrechung sein, w\u00e4hrend die Modernisierungsarbeiten stattfinden.[\/vc_column_text][vc_custom_heading text=&#8220;Weitere Energieeinsparung&#8220; use_theme_fonts=&#8220;yes&#8220;][vc_column_text]Effizienz in Bezug auf Verkehrsmanagement ist nicht die einzige Einsparung, die Sie durch die Nutzung von MILES-Systemen erzielen. Es k\u00f6nnten auch erhebliche Einsparungen bei den Energiekosten erzielt werden.[\/vc_column_text][\/vc_column_inner][vc_column_inner width=&#8220;1\/2&#8243;][vc_images_carousel images=&#8220;2086,2089&#8243; img_size=&#8220;full&#8220; speed=&#8220;3000&#8243; autoplay=&#8220;yes&#8220; wrap=&#8220;yes&#8220;][\/vc_column_inner][\/vc_row_inner][\/vc_column][\/vc_row][vc_row][vc_column][vc_custom_heading text=&#8220;Modernisierung&#8220; use_theme_fonts=&#8220;yes&#8220;][vc_column_text]Modernisierung gew\u00e4hrleistet die Sicherheit, Zuverl\u00e4ssigkeit und den Komfort von Aufzug- und Fahrtreppenl\u00f6sungen. Es sch\u00fctzt auch langfristig Ihre Investition. MILES ersetzt komplette Systeme und f\u00fchrt Modernisierungen Schritt f\u00fcr Schritt durch, indem bestimmte Teile ersetzt werden. MILES kann jede Installation aufr\u00fcsten, um neue Passagieranfragen zu erf\u00fcllen und den Vorschriften zu entsprechen.[\/vc_column_text][\/vc_column][\/vc_row][vc_row][vc_column width=&#8220;1\/6&#8243;][\/vc_column][vc_column width=&#8220;2\/3&#8243;][vc_row_inner][vc_column_inner][\/vc_column_inner][\/vc_row_inner][vc_custom_heading text=&#8220;Senden Sie uns eine Nachricht&#8220; font_container=&#8220;tag:h2|text_align:center&#8220; use_theme_fonts=&#8220;yes&#8220;][vc_custom_heading text=&#8220;Kontaktieren Sie uns, um zu erfahren, wie wir Ihnen helfen k\u00f6nnen.&#8220; font_container=&#8220;tag:p|text_align:center&#8220; use_theme_fonts=&#8220;yes&#8220;][vc_column_text el_class=&#8220;m-b-lg pb-1&#8243;]<div class=\"wpforms-container wpforms-container-full wpforms-render-modern\" id=\"wpforms-1855\"><form id=\"wpforms-form-1855\" class=\"wpforms-validate wpforms-form wpforms-ajax-form\" data-formid=\"1855\" method=\"post\" enctype=\"multipart\/form-data\" action=\"\/de\/wp-json\/wp\/v2\/pages\/1751\" data-token=\"2d48489df88b470f069e9be8bb9adef1\"><noscript class=\"wpforms-error-noscript\">Bitte aktiviere JavaScript in deinem Browser, um dieses Formular fertigzustellen.<\/noscript><div class=\"wpforms-hidden\" id=\"wpforms-error-noscript\">Bitte aktiviere JavaScript in deinem Browser, um dieses Formular fertigzustellen.<\/div><div class=\"wpforms-field-container\"><div id=\"wpforms-1855-field_0-container\" class=\"wpforms-field wpforms-field-name\" data-field-id=\"0\"><fieldset><legend class=\"wpforms-field-label\">Ihr Name <span class=\"wpforms-required-label\" aria-hidden=\"true\">*<\/span><\/legend><div class=\"wpforms-field-row wpforms-field-large\"><div class=\"wpforms-field-row-block wpforms-first wpforms-one-half\"><input type=\"text\" id=\"wpforms-1855-field_0\" class=\"wpforms-field-name-first wpforms-field-required\" name=\"wpforms[fields][0][first]\" aria-errormessage=\"wpforms-1855-field_0-error\" required><label for=\"wpforms-1855-field_0\" class=\"wpforms-field-sublabel after \">Vorname<\/label><\/div><div class=\"wpforms-field-row-block wpforms-one-half\"><input type=\"text\" id=\"wpforms-1855-field_0-last\" class=\"wpforms-field-name-last wpforms-field-required\" name=\"wpforms[fields][0][last]\" aria-errormessage=\"wpforms-1855-field_0-last-error\" required><label for=\"wpforms-1855-field_0-last\" class=\"wpforms-field-sublabel after \">Nachname<\/label><\/div><\/div><\/fieldset><\/div><div id=\"wpforms-1855-field_1-container\" class=\"wpforms-field wpforms-field-email\" data-field-id=\"1\"><label class=\"wpforms-field-label\" for=\"wpforms-1855-field_1\">E-Mail-Adresse <span class=\"wpforms-required-label\" aria-hidden=\"true\">*<\/span><\/label><input type=\"email\" id=\"wpforms-1855-field_1\" class=\"wpforms-field-large wpforms-field-required\" name=\"wpforms[fields][1]\" spellcheck=\"false\" aria-errormessage=\"wpforms-1855-field_1-error\" required><\/div><div id=\"wpforms-1855-field_3-container\" class=\"wpforms-field wpforms-field-text\" data-field-id=\"3\"><label class=\"wpforms-field-label\" for=\"wpforms-1855-field_3\">Betreff<\/label><input type=\"text\" id=\"wpforms-1855-field_3\" class=\"wpforms-field-medium\" name=\"wpforms[fields][3]\" aria-errormessage=\"wpforms-1855-field_3-error\" ><\/div><div id=\"wpforms-1855-field_2-container\" class=\"wpforms-field wpforms-field-textarea\" data-field-id=\"2\"><label class=\"wpforms-field-label\" for=\"wpforms-1855-field_2\">Kommentar oder Nachricht<\/label><textarea id=\"wpforms-1855-field_2\" class=\"wpforms-field-medium\" name=\"wpforms[fields][2]\" aria-errormessage=\"wpforms-1855-field_2-error\" ><\/textarea><\/div><\/div><!-- .wpforms-field-container --><div class=\"wpforms-submit-container\" ><input type=\"hidden\" name=\"wpforms[id]\" value=\"1855\"><input type=\"hidden\" name=\"wpforms[author]\" value=\"2\"><button type=\"submit\" name=\"wpforms[submit]\" id=\"wpforms-submit-1855\" class=\"wpforms-submit\" data-alt-text=\"Wird gesendet\u00a0\u2026\" data-submit-text=\"Absenden\" aria-live=\"assertive\" value=\"wpforms-submit\">Absenden<\/button><img loading=\"lazy\" decoding=\"async\" src=\"https:\/\/miles-lift.com\/wp-content\/plugins\/wpforms-lite\/assets\/images\/submit-spin.svg\" class=\"wpforms-submit-spinner\" style=\"display: none;\" width=\"26\" height=\"26\" alt=\"Wird geladen\"><\/div><\/form><\/div>  <!-- .wpforms-container -->[\/vc_column_text][\/vc_column][vc_column width=&#8220;1\/6&#8243;][\/vc_column][\/vc_row][vc_row full_width=&#8220;stretch_row_content&#8220; wrap_container=&#8220;yes&#8220; is_section=&#8220;yes&#8220; remove_margin_top=&#8220;yes&#8220; remove_margin_bottom=&#8220;yes&#8220; remove_border=&#8220;yes&#8220; el_class=&#8220;section-custom-construction&#8220; conditional_render=&#8220;%5B%7B%22value_role%22%3A%22administrator%22%7D%5D&#8220; css=&#8220;.vc_custom_1701771612328{background-color: #ffffff !important;}&#8220;][vc_column el_class=&#8220;pb-3 pb-sm-0&#8243; conditional_render=&#8220;%5B%7B%22value_role%22%3A%22administrator%22%7D%5D&#8220;][vc_custom_heading text=&#8220;Weitere Dienstleistungen&#8220; font_container=&#8220;tag:h2|font_size:2em|text_align:left&#8220; use_theme_fonts=&#8220;yes&#8220; animation_delay=&#8220;300&#8243; el_class=&#8220;m-t-md mb-2&#8243;][vc_custom_heading text=&#8220;Moderner Design und zeitgem\u00e4\u00dfe Fertigung sind unsere Hauptmerkmale.&#8220; font_container=&#8220;tag:p|font_size:1.2em|text_align:left&#8220; use_theme_fonts=&#8220;yes&#8220; font_weight=&#8220;300&#8243; animation_delay=&#8220;500&#8243; el_class=&#8220;mb-5&#8243;][vc_row_inner animation_duration=&#8220;&#8220; animation_delay=&#8220;&#8220; el_class=&#8220;mb-2&#8243;][vc_column_inner width=&#8220;1\/3&#8243; animation_duration=&#8220;&#8220; animation_delay=&#8220;&#8220;]<div class=\"porto-sicon-box mb-4 pb-2  wpb_custom_f190ae1a61610e337c8fb1f74be2ddac style_1 left-icon\"><div class=\"porto-sicon-left\"><div id=\"porto-icon-203445476769e4c94aae879\" class=\"porto-just-icon-wrapper porto-sicon-img\" style=\"font-size: 50px;\"><img loading=\"lazy\" decoding=\"async\" class=\"img-icon\" alt=\"\" src=\"https:\/\/miles-lift.com\/wp-content\/uploads\/2023\/06\/icons8-consultation-50.png\" width=\"50\" height=\"50\" \/><\/div><\/div><div class=\"porto-sicon-body\"><div class=\"porto-sicon-header\" style=\"margin-bottom:-.5rem;\"><h3 class=\"porto-sicon-title\" style=\"\">Beratung<\/h3><\/div> <!-- header --><div class=\"porto-sicon-description\" style=\"\"><a class=\"porto-sicon-read xx\" href=\"https:\/\/miles-lift.com\/de\/beratung\/\">Lesen Sie mehr<span>&nbsp;&raquo;<\/span><\/a><\/div> <!-- description --><\/div><\/div><!-- porto-sicon-box --><div class=\"porto-sicon-box mb-4 pb-2  wpb_custom_f190ae1a61610e337c8fb1f74be2ddac style_1 left-icon\"><div class=\"porto-sicon-left\"><div id=\"porto-icon-65920835369e4c94aaf20b\" class=\"porto-just-icon-wrapper porto-sicon-img\" style=\"font-size: 50px;\"><img loading=\"lazy\" decoding=\"async\" class=\"img-icon\" alt=\"\" src=\"https:\/\/miles-lift.com\/wp-content\/uploads\/2023\/06\/icons8-task-planning-50.png\" width=\"50\" height=\"50\" \/><\/div><\/div><div class=\"porto-sicon-body\"><div class=\"porto-sicon-header\" style=\"margin-bottom:-.5rem;\"><h3 class=\"porto-sicon-title\" style=\"\">Planung<\/h3><\/div> <!-- header --><div class=\"porto-sicon-description\" style=\"\"><a class=\"porto-sicon-read xx\" href=\"https:\/\/miles-lift.com\/de\/planung\/\" title='General Construction'>Lesen Sie mehr<span>&nbsp;&raquo;<\/span><\/a><\/div> <!-- description --><\/div><\/div><!-- porto-sicon-box -->[\/vc_column_inner][vc_column_inner width=&#8220;1\/3&#8243; animation_duration=&#8220;&#8220; animation_delay=&#8220;&#8220;]<div class=\"porto-sicon-box mb-4 pb-2  wpb_custom_f190ae1a61610e337c8fb1f74be2ddac style_1 left-icon\"><div class=\"porto-sicon-left\"><div id=\"porto-icon-190961622869e4c94aaf97f\" class=\"porto-just-icon-wrapper porto-sicon-img\" style=\"font-size: 50px;\"><img loading=\"lazy\" decoding=\"async\" class=\"img-icon\" alt=\"\" src=\"https:\/\/miles-lift.com\/wp-content\/uploads\/2023\/06\/icons8-agreement-like-50.png\" width=\"50\" height=\"50\" \/><\/div><\/div><div class=\"porto-sicon-body\"><div class=\"porto-sicon-header\" style=\"margin-bottom:-.5rem;\"><h3 class=\"porto-sicon-title\" style=\"\">Verkauf<\/h3><\/div> <!-- header --><div class=\"porto-sicon-description\" style=\"\"><a class=\"porto-sicon-read xx\" href=\"https:\/\/miles-lift.com\/de\/verkauf\/\">Lesen Sie mehr<span>&nbsp;&raquo;<\/span><\/a><\/div> <!-- description --><\/div><\/div><!-- porto-sicon-box --><div class=\"porto-sicon-box mb-4 pb-2  wpb_custom_f190ae1a61610e337c8fb1f74be2ddac style_1 left-icon\"><div class=\"porto-sicon-left\"><div id=\"porto-icon-52257565569e4c94ab0095\" class=\"porto-just-icon-wrapper porto-sicon-img\" style=\"font-size: 50px;\"><img loading=\"lazy\" decoding=\"async\" class=\"img-icon\" alt=\"\" src=\"https:\/\/miles-lift.com\/wp-content\/uploads\/2023\/06\/icons8-support-50.png\" width=\"50\" height=\"50\" \/><\/div><\/div><div class=\"porto-sicon-body\"><div class=\"porto-sicon-header\" style=\"margin-bottom:-.5rem;\"><h3 class=\"porto-sicon-title\" style=\"\">Montage<\/h3><\/div> <!-- header --><div class=\"porto-sicon-description\" style=\"\"><a class=\"porto-sicon-read xx\" href=\"https:\/\/miles-lift.com\/de\/montage\/\">Lesen Sie mehr<span>&nbsp;&raquo;<\/span><\/a><\/div> <!-- description --><\/div><\/div><!-- porto-sicon-box -->[\/vc_column_inner][vc_column_inner width=&#8220;1\/3&#8243; animation_duration=&#8220;&#8220; animation_delay=&#8220;&#8220;]<div class=\"porto-sicon-box mb-4 pb-2  wpb_custom_f190ae1a61610e337c8fb1f74be2ddac style_1 left-icon\"><div class=\"porto-sicon-left\"><div id=\"porto-icon-66053367869e4c94ab27bb\" class=\"porto-just-icon-wrapper porto-sicon-img\" style=\"font-size: 50px;\"><img loading=\"lazy\" decoding=\"async\" class=\"img-icon\" alt=\"\" src=\"https:\/\/miles-lift.com\/wp-content\/uploads\/2023\/06\/icons8-maintenance-50.png\" width=\"50\" height=\"50\" \/><\/div><\/div><div class=\"porto-sicon-body\"><div class=\"porto-sicon-header\" style=\"margin-bottom:-.5rem;\"><h3 class=\"porto-sicon-title\" style=\"\">Wartung<\/h3><\/div> <!-- header --><div class=\"porto-sicon-description\" style=\"\"><a class=\"porto-sicon-read xx\" href=\"https:\/\/miles-lift.com\/de\/wartung\/\">Lesen Sie mehr<span>&nbsp;&raquo;<\/span><\/a><\/div> <!-- description --><\/div><\/div><!-- porto-sicon-box -->[\/vc_column_inner][\/vc_row_inner][\/vc_column][\/vc_row]<\/p>\n<\/section>","protected":false},"excerpt":{"rendered":"<p>[vc_row][vc_column][vc_row_inner][vc_column_inner width=&#8220;1\/2&#8243;][vc_custom_heading text=&#8220;Kleine Modernisierung&#8220; use_theme_fonts=&#8220;yes&#8220;][vc_column_text]Wenn Ihr Aufzugssystem Schwierigkeiten hat, den gestellten Anforderungen gerecht zu werden, und die Warteschlangen in der Aufzugslobby bis auf die Stra\u00dfe reichen, dann ist es Zeit f\u00fcr eine Modernisierung. Aber was passiert, wenn das bereits \u00fcberlastete Aufzugssystem durch die Au\u00dferbetriebnahme eines oder mehrerer Aufz\u00fcge f\u00fcr Modernisierungsarbeiten zus\u00e4tzlich reduziert wird? Die Folge [&hellip;]<\/p>\n","protected":false},"author":2,"featured_media":0,"parent":0,"menu_order":0,"comment_status":"closed","ping_status":"closed","template":"","meta":{"footnotes":""},"aioseo_notices":[],"_links":{"self":[{"href":"https:\/\/miles-lift.com\/de\/wp-json\/wp\/v2\/pages\/1751"}],"collection":[{"href":"https:\/\/miles-lift.com\/de\/wp-json\/wp\/v2\/pages"}],"about":[{"href":"https:\/\/miles-lift.com\/de\/wp-json\/wp\/v2\/types\/page"}],"author":[{"embeddable":true,"href":"https:\/\/miles-lift.com\/de\/wp-json\/wp\/v2\/users\/2"}],"replies":[{"embeddable":true,"href":"https:\/\/miles-lift.com\/de\/wp-json\/wp\/v2\/comments?post=1751"}],"version-history":[{"count":5,"href":"https:\/\/miles-lift.com\/de\/wp-json\/wp\/v2\/pages\/1751\/revisions"}],"predecessor-version":[{"id":2100,"href":"https:\/\/miles-lift.com\/de\/wp-json\/wp\/v2\/pages\/1751\/revisions\/2100"}],"wp:attachment":[{"href":"https:\/\/miles-lift.com\/de\/wp-json\/wp\/v2\/media?parent=1751"}],"curies":[{"name":"wp","href":"https:\/\/api.w.org\/{rel}","templated":true}]}}