{"id":1727,"date":"2023-12-05T11:20:30","date_gmt":"2023-12-05T10:20:30","guid":{"rendered":"https:\/\/miles-lift.com\/djelatnosti\/"},"modified":"2024-07-12T14:50:05","modified_gmt":"2024-07-12T12:50:05","slug":"taetigkeiten","status":"publish","type":"page","link":"https:\/\/miles-lift.com\/de\/taetigkeiten\/","title":{"rendered":"T\u00e4tigkeiten"},"content":{"rendered":"<section class=\"wpb-content-wrapper\"><p>[vc_row full_width=&#8220;stretch_row_content&#8220; wrap_container=&#8220;yes&#8220; is_section=&#8220;yes&#8220; remove_margin_top=&#8220;yes&#8220; remove_margin_bottom=&#8220;yes&#8220; remove_border=&#8220;yes&#8220; el_class=&#8220;section-custom-construction&#8220; conditional_render=&#8220;%5B%7B%22value_role%22%3A%22administrator%22%7D%5D&#8220; css=&#8220;.vc_custom_1701771612328{background-color: #ffffff !important;}&#8220;][vc_column el_class=&#8220;pb-3 pb-sm-0&#8243; conditional_render=&#8220;%5B%7B%22value_role%22%3A%22administrator%22%7D%5D&#8220;][vc_custom_heading text=&#8220;Unsere Dienstleistungen&#8220; font_container=&#8220;tag:h2|font_size:2em|text_align:left&#8220; use_theme_fonts=&#8220;yes&#8220; animation_delay=&#8220;300&#8243; el_class=&#8220;m-t-md mb-2&#8243; animation_type=&#8220;fadeInUp&#8220;][vc_custom_heading text=&#8220;Moderner Design und zeitgem\u00e4\u00dfe Fertigung sind unsere Hauptmerkmale.&#8220; font_container=&#8220;tag:p|font_size:1.2em|text_align:left&#8220; use_theme_fonts=&#8220;yes&#8220; font_weight=&#8220;300&#8243; animation_delay=&#8220;500&#8243; el_class=&#8220;mb-5&#8243; animation_type=&#8220;fadeInUp&#8220;][vc_row_inner el_class=&#8220;mb-2&#8243;][vc_column_inner width=&#8220;1\/2&#8243; animation_delay=&#8220;550&#8243; animation_type=&#8220;fadeInUp&#8220;]<div class=\"porto-sicon-box mb-4 pb-2  wpb_custom_f190ae1a61610e337c8fb1f74be2ddac style_1 left-icon\"><div class=\"porto-sicon-left\"><div id=\"porto-icon-210663255569e1f473a5068\" class=\"porto-just-icon-wrapper porto-sicon-img\" style=\"font-size: 50px;\"><img loading=\"lazy\" decoding=\"async\" class=\"img-icon\" alt=\"\" src=\"https:\/\/miles-lift.com\/wp-content\/uploads\/2023\/06\/icons8-consultation-50.png\" width=\"50\" height=\"50\" \/><\/div><\/div><div class=\"porto-sicon-body\"><div class=\"porto-sicon-header\" style=\"margin-bottom:-.5rem;\"><h3 class=\"porto-sicon-title\" style=\"\">Beratung<\/h3><\/div> <!-- header --><div class=\"porto-sicon-description\" style=\"\">Unsere langj\u00e4hrige Erfahrung hilft uns, die besten L\u00f6sungen f\u00fcr Ihre Bed\u00fcrfnisse zu finden.<a class=\"porto-sicon-read xx\" href=\"https:\/\/miles-lift.com\/de\/beratung\/\">Lesen Sie mehr<span>&nbsp;&raquo;<\/span><\/a><\/div> <!-- description --><\/div><\/div><!-- porto-sicon-box -->[\/vc_column_inner][vc_column_inner width=&#8220;1\/2&#8243; animation_delay=&#8220;750&#8243; animation_type=&#8220;fadeInUp&#8220;]<div class=\"porto-sicon-box mb-4 pb-2  wpb_custom_f190ae1a61610e337c8fb1f74be2ddac style_1 left-icon\"><div class=\"porto-sicon-left\"><div id=\"porto-icon-208625210869e1f473a58fd\" class=\"porto-just-icon-wrapper porto-sicon-img\" style=\"font-size: 50px;\"><img loading=\"lazy\" decoding=\"async\" class=\"img-icon\" alt=\"\" src=\"https:\/\/miles-lift.com\/wp-content\/uploads\/2023\/06\/icons8-task-planning-50.png\" width=\"50\" height=\"50\" \/><\/div><\/div><div class=\"porto-sicon-body\"><div class=\"porto-sicon-header\" style=\"margin-bottom:-.5rem;\"><h3 class=\"porto-sicon-title\" style=\"\">Planung<\/h3><\/div> <!-- header --><div class=\"porto-sicon-description\" style=\"\">Unser Planungsteam besteht aus qualifiziertem Personal mit langj\u00e4hriger Erfahrung. In sehr kurzer Zeit k\u00f6nnen wir die Planung von Aufz\u00fcgen und kreativen Kabineninterieurs anbieten.<a class=\"porto-sicon-read xx\" href=\"https:\/\/miles-lift.com\/de\/planung\/\" title='General Construction'>Lesen Sie mehr<span>&nbsp;&raquo;<\/span><\/a><\/div> <!-- description --><\/div><\/div><!-- porto-sicon-box -->[\/vc_column_inner][vc_column_inner width=&#8220;1\/2&#8243; animation_delay=&#8220;550&#8243; animation_type=&#8220;fadeInUp&#8220;]<div class=\"porto-sicon-box mb-4 pb-2  wpb_custom_f190ae1a61610e337c8fb1f74be2ddac style_1 left-icon\"><div class=\"porto-sicon-left\"><div id=\"porto-icon-132435260869e1f473a600a\" class=\"porto-just-icon-wrapper porto-sicon-img\" style=\"font-size: 50px;\"><img loading=\"lazy\" decoding=\"async\" class=\"img-icon\" alt=\"\" src=\"https:\/\/miles-lift.com\/wp-content\/uploads\/2023\/06\/icons8-agreement-like-50.png\" width=\"50\" height=\"50\" \/><\/div><\/div><div class=\"porto-sicon-body\"><div class=\"porto-sicon-header\" style=\"margin-bottom:-.5rem;\"><h3 class=\"porto-sicon-title\" style=\"\">Verkauf<\/h3><\/div> <!-- header --><div class=\"porto-sicon-description\" style=\"\">Wenn Sie ein neues, kompetentes, sicheres und hochwertiges Aufzugssystem suchen, dann sind Sie hier genau richtig.<a class=\"porto-sicon-read xx\" href=\"https:\/\/miles-lift.com\/de\/verkauf\/\">Lesen Sie mehr<span>&nbsp;&raquo;<\/span><\/a><\/div> <!-- description --><\/div><\/div><!-- porto-sicon-box -->[\/vc_column_inner][vc_column_inner width=&#8220;1\/2&#8243; animation_delay=&#8220;750&#8243; animation_type=&#8220;fadeInUp&#8220;]<div class=\"porto-sicon-box mb-4 pb-2  wpb_custom_f190ae1a61610e337c8fb1f74be2ddac style_1 left-icon\"><div class=\"porto-sicon-left\"><div id=\"porto-icon-77757442569e1f473a66da\" class=\"porto-just-icon-wrapper porto-sicon-img\" style=\"font-size: 50px;\"><img loading=\"lazy\" decoding=\"async\" class=\"img-icon\" alt=\"\" src=\"https:\/\/miles-lift.com\/wp-content\/uploads\/2023\/06\/icons8-support-50.png\" width=\"50\" height=\"50\" \/><\/div><\/div><div class=\"porto-sicon-body\"><div class=\"porto-sicon-header\" style=\"margin-bottom:-.5rem;\"><h3 class=\"porto-sicon-title\" style=\"\">Montage<\/h3><\/div> <!-- header --><div class=\"porto-sicon-description\" style=\"\">F\u00fcr die Montage von Aufz\u00fcgen nach den h\u00f6chsten verf\u00fcgbaren Standards sorgen hochqualifizierte Teams mit langj\u00e4hriger Berufserfahrung in verschiedenen Aufzugsarten.<a class=\"porto-sicon-read xx\" href=\"https:\/\/miles-lift.com\/de\/montage\/\">Lesen Sie mehr<span>&nbsp;&raquo;<\/span><\/a><\/div> <!-- description --><\/div><\/div><!-- porto-sicon-box -->[\/vc_column_inner][vc_column_inner width=&#8220;1\/2&#8243; animation_delay=&#8220;550&#8243; animation_type=&#8220;fadeInUp&#8220;]<div class=\"porto-sicon-box mb-4 pb-2  wpb_custom_f190ae1a61610e337c8fb1f74be2ddac style_1 left-icon\"><div class=\"porto-sicon-left\"><div id=\"porto-icon-104903074569e1f473a6e63\" class=\"porto-just-icon-wrapper porto-sicon-img\" style=\"font-size: 50px;\"><img loading=\"lazy\" decoding=\"async\" class=\"img-icon\" alt=\"\" src=\"https:\/\/miles-lift.com\/wp-content\/uploads\/2023\/06\/icons8-maintenance-50.png\" width=\"50\" height=\"50\" \/><\/div><\/div><div class=\"porto-sicon-body\"><div class=\"porto-sicon-header\" style=\"margin-bottom:-.5rem;\"><h3 class=\"porto-sicon-title\" style=\"\">Wartung<\/h3><\/div> <!-- header --><div class=\"porto-sicon-description\" style=\"\">Pr\u00e4ventive und verantwortungsvolle Wartung ist der beste Weg, um Systemausf\u00e4lle zu verhindern, beispielsweise durch Besch\u00e4digung wichtiger Teile oder andere M\u00e4ngel.<a class=\"porto-sicon-read xx\" href=\"https:\/\/miles-lift.com\/de\/wartung\/\">Lesen Sie mehr<span>&nbsp;&raquo;<\/span><\/a><\/div> <!-- description --><\/div><\/div><!-- porto-sicon-box -->[\/vc_column_inner][vc_column_inner width=&#8220;1\/2&#8243; animation_delay=&#8220;750&#8243; animation_type=&#8220;fadeInUp&#8220;]<div class=\"porto-sicon-box mb-4 pb-2  wpb_custom_f190ae1a61610e337c8fb1f74be2ddac style_1 left-icon\"><div class=\"porto-sicon-left\"><div id=\"porto-icon-24513124769e1f473a75a9\" class=\"porto-just-icon-wrapper porto-sicon-img\" style=\"font-size: 50px;\"><img loading=\"lazy\" decoding=\"async\" class=\"img-icon\" alt=\"\" src=\"https:\/\/miles-lift.com\/wp-content\/uploads\/2023\/06\/icons8-refresh-50.png\" width=\"50\" height=\"50\" \/><\/div><\/div><div class=\"porto-sicon-body\"><div class=\"porto-sicon-header\" style=\"margin-bottom:-.5rem;\"><h3 class=\"porto-sicon-title\" style=\"\">Modernisierung<\/h3><\/div> <!-- header --><div class=\"porto-sicon-description\" style=\"\">Wenn Ihr Aufzugssystem Schwierigkeiten hat, den gestellten Anforderungen gerecht zu werden, und die Warteschlangen in der Aufzugslobby bis auf die Stra\u00dfe reichen, dann ist es Zeit f\u00fcr eine Modernisierung.<a class=\"porto-sicon-read xx\" href=\"https:\/\/miles-lift.com\/de\/modernisierung\/\" title='General Construction'>Lesen Sie mehr<span>&nbsp;&raquo;<\/span><\/a><\/div> <!-- description --><\/div><\/div><!-- porto-sicon-box -->[\/vc_column_inner][\/vc_row_inner][\/vc_column][\/vc_row]<\/p>\n<\/section>","protected":false},"excerpt":{"rendered":"<p>[vc_row full_width=&#8220;stretch_row_content&#8220; wrap_container=&#8220;yes&#8220; is_section=&#8220;yes&#8220; remove_margin_top=&#8220;yes&#8220; remove_margin_bottom=&#8220;yes&#8220; remove_border=&#8220;yes&#8220; el_class=&#8220;section-custom-construction&#8220; conditional_render=&#8220;%5B%7B%22value_role%22%3A%22administrator%22%7D%5D&#8220; css=&#8220;.vc_custom_1701771612328{background-color: #ffffff !important;}&#8220;][vc_column el_class=&#8220;pb-3 pb-sm-0&#8243; conditional_render=&#8220;%5B%7B%22value_role%22%3A%22administrator%22%7D%5D&#8220;][vc_custom_heading text=&#8220;Unsere Dienstleistungen&#8220; font_container=&#8220;tag:h2|font_size:2em|text_align:left&#8220; use_theme_fonts=&#8220;yes&#8220; animation_delay=&#8220;300&#8243; el_class=&#8220;m-t-md mb-2&#8243; animation_type=&#8220;fadeInUp&#8220;][vc_custom_heading text=&#8220;Moderner Design und zeitgem\u00e4\u00dfe Fertigung sind unsere Hauptmerkmale.&#8220; font_container=&#8220;tag:p|font_size:1.2em|text_align:left&#8220; use_theme_fonts=&#8220;yes&#8220; font_weight=&#8220;300&#8243; animation_delay=&#8220;500&#8243; el_class=&#8220;mb-5&#8243; animation_type=&#8220;fadeInUp&#8220;][vc_row_inner el_class=&#8220;mb-2&#8243;][vc_column_inner width=&#8220;1\/2&#8243; animation_delay=&#8220;550&#8243; animation_type=&#8220;fadeInUp&#8220;][\/vc_column_inner][vc_column_inner width=&#8220;1\/2&#8243; animation_delay=&#8220;750&#8243; animation_type=&#8220;fadeInUp&#8220;][\/vc_column_inner][vc_column_inner width=&#8220;1\/2&#8243; animation_delay=&#8220;550&#8243; animation_type=&#8220;fadeInUp&#8220;][\/vc_column_inner][vc_column_inner width=&#8220;1\/2&#8243; animation_delay=&#8220;750&#8243; animation_type=&#8220;fadeInUp&#8220;][\/vc_column_inner][vc_column_inner width=&#8220;1\/2&#8243; animation_delay=&#8220;550&#8243; animation_type=&#8220;fadeInUp&#8220;][\/vc_column_inner][vc_column_inner width=&#8220;1\/2&#8243; animation_delay=&#8220;750&#8243; [&hellip;]<\/p>\n","protected":false},"author":2,"featured_media":0,"parent":0,"menu_order":0,"comment_status":"closed","ping_status":"closed","template":"","meta":{"footnotes":""},"aioseo_notices":[],"_links":{"self":[{"href":"https:\/\/miles-lift.com\/de\/wp-json\/wp\/v2\/pages\/1727"}],"collection":[{"href":"https:\/\/miles-lift.com\/de\/wp-json\/wp\/v2\/pages"}],"about":[{"href":"https:\/\/miles-lift.com\/de\/wp-json\/wp\/v2\/types\/page"}],"author":[{"embeddable":true,"href":"https:\/\/miles-lift.com\/de\/wp-json\/wp\/v2\/users\/2"}],"replies":[{"embeddable":true,"href":"https:\/\/miles-lift.com\/de\/wp-json\/wp\/v2\/comments?post=1727"}],"version-history":[{"count":6,"href":"https:\/\/miles-lift.com\/de\/wp-json\/wp\/v2\/pages\/1727\/revisions"}],"predecessor-version":[{"id":2118,"href":"https:\/\/miles-lift.com\/de\/wp-json\/wp\/v2\/pages\/1727\/revisions\/2118"}],"wp:attachment":[{"href":"https:\/\/miles-lift.com\/de\/wp-json\/wp\/v2\/media?parent=1727"}],"curies":[{"name":"wp","href":"https:\/\/api.w.org\/{rel}","templated":true}]}}