{"id":1437,"date":"2016-07-15T08:32:51","date_gmt":"2016-07-15T06:32:51","guid":{"rendered":"https:\/\/miles-lift.com\/home\/"},"modified":"2024-05-28T15:38:38","modified_gmt":"2024-05-28T13:38:38","slug":"home","status":"publish","type":"page","link":"https:\/\/miles-lift.com\/de\/","title":{"rendered":"Startseite"},"content":{"rendered":"<section class=\"wpb-content-wrapper\"><p>[vc_row no_padding=&#8220;yes&#8220;][vc_column]<div class=\"porto-carousel owl-carousel has-ccols ccols-1 home-banner-slider mb-0 wpb_custom_c86c2fb53cae9eced42d4b8900a042f3 nav-pos-inside nav-style-3 show-nav-hover\" data-plugin-options=\"{&quot;stagePadding&quot;:0,&quot;margin&quot;:0,&quot;autoplay&quot;:&quot;yes&quot;,&quot;mouseDrag&quot;:false,&quot;touchDrag&quot;:false,&quot;autoplayTimeout&quot;:5000,&quot;autoplayHoverPause&quot;:false,&quot;items&quot;:1,&quot;lg&quot;:1,&quot;md&quot;:1,&quot;sm&quot;:1,&quot;xs&quot;:1,&quot;nav&quot;:&quot;yes&quot;,&quot;dots&quot;:false,&quot;animateIn&quot;:&quot;fadeIn&quot;,&quot;animateOut&quot;:&quot;&quot;,&quot;loop&quot;:&quot;yes&quot;,&quot;center&quot;:false,&quot;video&quot;:false,&quot;lazyLoad&quot;:false,&quot;fullscreen&quot;:false}\"><div id=\"interactive-banner-wrap-xyht\" class=\"porto-ibanner mb-0\" style=\"background:#f4f4f4;min-height:600px;\"><div class=\"banner-effect-wrapper\"><div class=\"banner-effect kenBurnsToRight\" style=\"background-image: url(https:\/\/miles-lift.com\/wp-content\/uploads\/2023\/07\/DJI_0953.jpg); background-size: cover;background-position: center;animation-duration: 30s;\"><\/div><\/div><img loading=\"lazy\" decoding=\"async\" alt=\"\" width=\"1920\" height=\"1080\" class=\"porto-ibanner-img invisible\" src=\"https:\/\/miles-lift.com\/wp-content\/uploads\/2023\/07\/DJI_0953.jpg\" srcset=\"https:\/\/miles-lift.com\/wp-content\/uploads\/2023\/07\/DJI_0953.jpg 1920w, https:\/\/miles-lift.com\/wp-content\/uploads\/2023\/07\/DJI_0953-1536x864.jpg 1536w\" sizes=\"(max-width: 1920px) 100vw, 1920px\"><div class=\"porto-ibanner-desc no-padding d-flex\"><div class=\"container\"><div class=\"porto-ibanner-container\"><div class=\"porto-ibanner-layer py-2 custom-layer-pos-1\" style=\"left:0%;top:42.5%;\">[vc_custom_heading text=&#8220;MILES&#8220; font_container=&#8220;tag:div|font_size:5.5em|text_align:left|line_height:0.85&#8243; use_theme_fonts=&#8220;yes&#8220; font_weight=&#8220;700&#8243; skin=&#8220;light&#8220; letter_spacing=&#8220;.04em&#8220; animation_delay=&#8220;1300&#8243; el_class=&#8220;custom-outline-text-style-1 text-lg-end position-absolute w-100 custom-pos-1&#8243; animation_type=&#8220;fadeInLeft&#8220;][vc_custom_heading text=&#8220;DER AUFZUG&#8220; font_container=&#8220;tag:div|font_size:5.50em|text_align:left|line_height:0.85&#8243; use_theme_fonts=&#8220;yes&#8220; text_transform=&#8220;text-uppercase&#8220; font_weight=&#8220;700&#8243; skin=&#8220;light&#8220; letter_spacing=&#8220;.04em&#8220; animation_delay=&#8220;1300&#8243; el_class=&#8220;custom-outline-text-style-1 text-lg-end position-absolute w-100 custom-pos-2&#8243; animation_type=&#8220;fadeInLeft&#8220;][vc_custom_heading text=&#8220;MILES DER AUFZUG&#8220; font_container=&#8220;tag:h1|font_size:5.5em|text_align:left|line_height:0.85&#8243; use_theme_fonts=&#8220;yes&#8220; text_transform=&#8220;text-uppercase&#8220; font_weight=&#8220;700&#8243; skin=&#8220;light&#8220; letter_spacing=&#8220;.036em&#8220; animation_delay=&#8220;500&#8243; el_class=&#8220;mb-0 ps-xl-4 ms-xl-3 text-lg-end&#8220; animation_type=&#8220;fadeInLeft&#8220;]<\/div><div class=\"porto-ibanner-layer ms-5 left-100\" data-appear-animation=\"fadeIn\" data-appear-animation-delay=\"200\" style=\"width:75%;left: 50%;transform: translateX(-50%);bottom:0%;\"><\/div><div class=\"porto-ibanner-layer vc_custom_1690531624677 d-none d-sm-flex align-items-center custom-layer-2\" data-appear-animation=\"fadeInRight\" data-appear-animation-delay=\"1200\" style=\"height:6em;right:0%;bottom:9%;\">[vc_custom_heading text=&#8220;Ein f\u00fchrendes Unternehmen im Design.&#8220; font_container=&#8220;tag:h5|font_size:1.4375em|text_align:right|line_height:1.3&#8243; use_theme_fonts=&#8220;yes&#8220; skin=&#8220;light&#8220; letter_spacing=&#8220;0&#8243; animation_duration=&#8220;500&#8243; animation_delay=&#8220;600&#8243; el_class=&#8220;mb-0&#8243; animation_type=&#8220;fadeInRight&#8220;]<\/div><\/div><\/div><\/div><\/div><div id=\"interactive-banner-wrap-nvyh\" class=\"porto-ibanner mb-0\" style=\"background:#f4f4f4;min-height:600px;\"><div class=\"banner-effect-wrapper\"><div class=\"banner-effect kenBurnsToRight\" style=\"background-image: url(https:\/\/miles-lift.com\/wp-content\/uploads\/2023\/07\/DSC9906.jpg); background-size: cover;background-position: center;animation-duration: 30s;\"><\/div><\/div><img loading=\"lazy\" decoding=\"async\" alt=\"\" width=\"1920\" height=\"1278\" class=\"porto-ibanner-img invisible\" src=\"https:\/\/miles-lift.com\/wp-content\/uploads\/2023\/07\/DSC9906.jpg\" srcset=\"https:\/\/miles-lift.com\/wp-content\/uploads\/2023\/07\/DSC9906.jpg 1920w, https:\/\/miles-lift.com\/wp-content\/uploads\/2023\/07\/DSC9906-1024x682.jpg 1024w, https:\/\/miles-lift.com\/wp-content\/uploads\/2023\/07\/DSC9906-1536x1022.jpg 1536w\" sizes=\"(max-width: 1920px) 100vw, 1920px\"><div class=\"porto-ibanner-desc no-padding d-flex\"><div class=\"container\"><div class=\"porto-ibanner-container\"><div class=\"porto-ibanner-layer py-2 custom-layer-pos-2 col-xl-8 px-0\" style=\"left: 50%;transform: translateX(-50%);bottom:28%;\">[vc_custom_heading text=&#8220;MODERNER DESIGN&#8220; font_container=&#8220;tag:div|font_size:7.75em|text_align:center|line_height:0.85&#8243; use_theme_fonts=&#8220;yes&#8220; font_weight=&#8220;700&#8243; skin=&#8220;light&#8220; letter_spacing=&#8220;.04em&#8220; animation_delay=&#8220;1300&#8243; el_class=&#8220;custom-outline-text-style-1 position-absolute w-100 custom-pos-3 ps-xl-5&#8243; animation_type=&#8220;fadeInLeft&#8220;][vc_custom_heading text=&#8220;MODERNER DESIGN&#8220; font_container=&#8220;tag:h2|font_size:8.6em|text_align:center|line_height:0.85&#8243; use_theme_fonts=&#8220;yes&#8220; text_transform=&#8220;text-uppercase&#8220; font_weight=&#8220;700&#8243; skin=&#8220;light&#8220; letter_spacing=&#8220;.036em&#8220; animation_delay=&#8220;500&#8243; el_class=&#8220;mb-0&#8243; animation_type=&#8220;fadeInLeft&#8220;]<\/div><div class=\"porto-ibanner-layer vc_custom_1620353364111 d-none d-sm-flex align-items-center custom-layer-2\" data-appear-animation=\"fadeInRight\" data-appear-animation-delay=\"1600\" style=\"height:6em;right:0%;bottom:9%;\">[vc_custom_heading text=&#8220;Moderne Technologie&#8220; font_container=&#8220;tag:h5|font_size:1.4375em|text_align:right|line_height:1.3&#8243; use_theme_fonts=&#8220;yes&#8220; skin=&#8220;light&#8220; letter_spacing=&#8220;0&#8243; animation_duration=&#8220;500&#8243; animation_delay=&#8220;700&#8243; el_class=&#8220;mb-0&#8243; animation_type=&#8220;fadeInRight&#8220;]<\/div><\/div><\/div><\/div><\/div><\/div>[\/vc_column][\/vc_row][vc_row content_placement=&#8220;middle&#8220; wrap_container=&#8220;yes&#8220; el_class=&#8220;p-t-xxl p-b-xxl&#8220;][vc_column][vc_row_inner][vc_column_inner width=&#8220;1\/2&#8243;][vc_custom_heading text=&#8220;Ein f\u00fchrendes Unternehmen in der Entwicklung und Produktion von Aufz\u00fcgen aller Art.&#8220; use_theme_fonts=&#8220;yes&#8220; animation_delay=&#8220;2000&#8243; el_class=&#8220;mb-2&#8243; css=&#8220;.vc_custom_1716444247056{margin-bottom: 32px !important;}&#8220;][vc_column_text]MILES d.o.o. gilt als eines der qualitativ hochwertigsten Unternehmen f\u00fcr alle Arten von Aufz\u00fcgen, Fahrtreppen und F\u00f6rderb\u00e4ndern. Der Leistungsumfang des Unternehmens umfasst die komplette Bandbreite von Beratung, Konstruktion, Fertigung im eigenen Werk, Installation und Wartung, selbstverst\u00e4ndlich mit Garantie auf alle ausgef\u00fchrten Arbeiten.<br \/>\nWir sind darauf ausgerichtet, in allen St\u00e4dten Bosnien und Herzegowinas, in der gesamten Republik Kroatien sowie in der Bundesrepublik Deutschland unsere Produkte und Dienstleistungen anzubieten.Die Hauptt\u00e4tigkeit von MILES d.o.o. ist die Herstellung von Hebe- und Transportger\u00e4ten.Durch das Hinzuf\u00fcgen eines Hauch von Luxus, der jedes Interieur einzigartig und modern macht, oder durch das Anbieten erschwinglicher, aber dennoch \u00e4u\u00dferst interessanter und angenehmer L\u00f6sungen, die an den Alltag angepasst sind, ist der Name MILES zum Synonym f\u00fcr Design, Funktionalit\u00e4t und h\u00f6chste Qualit\u00e4t geworden.[\/vc_column_text][\/vc_column_inner][vc_column_inner width=&#8220;1\/2&#8243;][vc_empty_space height=&#8220;80px&#8220;][vc_single_image image=&#8220;944&#8243; img_size=&#8220;full&#8220;][\/vc_column_inner][\/vc_row_inner][vc_column_text]MILES ist eine renommierte Gesellschaft mit beschr\u00e4nkter Haftung, die erfolgreich auf den M\u00e4rkten von Bosnien und Herzegowina, der Republik Kroatien und der Bundesrepublik Deutschland t\u00e4tig ist und heute \u00fcber 70 Mitarbeiter besch\u00e4ftigt. Seit seiner Gr\u00fcndung im Jahr 1993 hat sich das Unternehmen durch geduldige Arbeit und Beharrlichkeit, indem es sich mit allen Unbekannten und Schwierigkeiten auf dem Markt auseinandersetzte, zu einer wiedererkennbaren Marke entwickelt und ist zum Synonym f\u00fcr Qualit\u00e4t und Zuverl\u00e4ssigkeit geworden.[\/vc_column_text][\/vc_column][\/vc_row][vc_row wrap_container=&#8220;yes&#8220; el_class=&#8220;pt-5&#8243; conditional_render=&#8220;%5B%7B%22value_role%22%3A%22administrator%22%7D%5D&#8220; css=&#8220;.vc_custom_1711445802762{margin-top: -64px !important;}&#8220;][vc_column][vc_row_inner][vc_column_inner width=&#8220;1\/2&#8243;][vc_custom_heading text=&#8220;Implementierung von Innovationen&#8220; use_theme_fonts=&#8220;yes&#8220;][vc_column_text]Das Unternehmen verfolgt weltweite Trends in technischer und gestalterischer Hinsicht und setzt diese in eigenen Produkten um. Die Produkte zeichnen sich durch au\u00dfergew\u00f6hnliche Qualit\u00e4t und Zuverl\u00e4ssigkeit sowie ein modernes und ansprechendes Design aus. Die eigene Produktion von Aufzugsteilen, Kabinen, Strukturen, Steuereinheiten und anderen Komponenten gew\u00e4hrleistet die Einheitlichkeit der Produktion, was zu au\u00dfergew\u00f6hnlicher Qualit\u00e4t f\u00fchrt.[\/vc_column_text][\/vc_column_inner][vc_column_inner width=&#8220;1\/2&#8243;][vc_custom_heading text=&#8220;Fachkundige und qualifizierte Mitarbeiter&#8220; use_theme_fonts=&#8220;yes&#8220;][vc_column_text]Wir legen gro\u00dfen Wert auf die Weiterbildung unserer eigenen Mitarbeiter und die Modernisierung der Produktion. Wir verf\u00fcgen \u00fcber eine eigene Projektabteilung f\u00fcr Konstruktion und Kontrolle, die innovative L\u00f6sungen im Bereich des vertikalen Verkehrs verfolgt.[\/vc_column_text][\/vc_column_inner][\/vc_row_inner][vc_raw_html]JTNDdmlkZW8lMjBzdHlsZSUzRCUyMndpZHRoJTNBJTIwMTAwJTI1JTIxaW1wb3J0YW50JTNCJTIwaGVpZ2h0JTNBJTIwYXV0byUyMWltcG9ydGFudCUzQiUyMiUyMHdpZHRoJTNEJTIyMTAwJTI1JTIyJTIwaGVpZ2h0JTNEJTIyYXV0byUyMiUyMHByZWxvYWQlM0QlMjJtZXRhZGF0YSUyMiUyMGNvbnRyb2xzJTNEJTIyY29udHJvbHMlMjIlMjBhdXRvcGxheSUzRSUwQSUzQ3NvdXJjZSUyMHR5cGUlM0QlMjJ2aWRlbyUyRm1wNCUyMiUyMHNyYyUzRCUyMmh0dHBzJTNBJTJGJTJGbWlsZXMtbGlmdC5jb20lMkZ3cC1jb250ZW50JTJGdXBsb2FkcyUyRjIwMjQlMkYwNSUyRm1pbGVzX0NpdGx1ay0zNjBwLm1wNCUyMiUzRSUwQSUzQyUyRnZpZGVvJTNF[\/vc_raw_html][\/vc_column][\/vc_row][vc_row disable_element=&#8220;yes&#8220; wrap_container=&#8220;yes&#8220; el_class=&#8220;pt-5&#8243; css=&#8220;.vc_custom_1716811383826{border-top-width: 1px !important;border-top-color: rgba(0,0,0,0.06) !important;border-top-style: solid !important;}&#8220; conditional_render=&#8220;%5B%7B%22value_role%22%3A%22administrator%22%7D%5D&#8220;][vc_column][vc_custom_heading text=&#8220;Nachricht&#8220; use_theme_fonts=&#8220;yes&#8220; animation_delay=&#8220;200&#8243; el_class=&#8220;mt-3 mb-2&#8243; animation_type=&#8220;fadeInUp&#8220;][vc_custom_heading text=&#8220;Unsere neuesten Projekte&#8220; font_container=&#8220;tag:p|font_size:1.2em|text_align:left&#8220; use_theme_fonts=&#8220;yes&#8220; font_weight=&#8220;300&#8243; animation_delay=&#8220;400&#8243; el_class=&#8220;mb-4 pb-2&#8243; animation_type=&#8220;fadeInUp&#8220;][\/vc_column][\/vc_row]<\/p>\n<\/section>","protected":false},"excerpt":{"rendered":"<p>[vc_row no_padding=&#8220;yes&#8220;][vc_column][\/vc_column][\/vc_row][vc_row content_placement=&#8220;middle&#8220; wrap_container=&#8220;yes&#8220; el_class=&#8220;p-t-xxl p-b-xxl&#8220;][vc_column][vc_row_inner][vc_column_inner width=&#8220;1\/2&#8243;][vc_custom_heading text=&#8220;Ein f\u00fchrendes Unternehmen in der Entwicklung und Produktion von Aufz\u00fcgen aller Art.&#8220; use_theme_fonts=&#8220;yes&#8220; animation_delay=&#8220;2000&#8243; el_class=&#8220;mb-2&#8243; css=&#8220;.vc_custom_1716444247056{margin-bottom: 32px !important;}&#8220;][vc_column_text]MILES d.o.o. gilt als eines der qualitativ hochwertigsten Unternehmen f\u00fcr alle Arten von Aufz\u00fcgen, Fahrtreppen und F\u00f6rderb\u00e4ndern. Der Leistungsumfang des Unternehmens umfasst die komplette Bandbreite von Beratung, Konstruktion, Fertigung im eigenen [&hellip;]<\/p>\n","protected":false},"author":1,"featured_media":0,"parent":0,"menu_order":0,"comment_status":"closed","ping_status":"closed","template":"","meta":{"footnotes":""},"aioseo_notices":[],"_links":{"self":[{"href":"https:\/\/miles-lift.com\/de\/wp-json\/wp\/v2\/pages\/1437"}],"collection":[{"href":"https:\/\/miles-lift.com\/de\/wp-json\/wp\/v2\/pages"}],"about":[{"href":"https:\/\/miles-lift.com\/de\/wp-json\/wp\/v2\/types\/page"}],"author":[{"embeddable":true,"href":"https:\/\/miles-lift.com\/de\/wp-json\/wp\/v2\/users\/1"}],"replies":[{"embeddable":true,"href":"https:\/\/miles-lift.com\/de\/wp-json\/wp\/v2\/comments?post=1437"}],"version-history":[{"count":8,"href":"https:\/\/miles-lift.com\/de\/wp-json\/wp\/v2\/pages\/1437\/revisions"}],"predecessor-version":[{"id":1994,"href":"https:\/\/miles-lift.com\/de\/wp-json\/wp\/v2\/pages\/1437\/revisions\/1994"}],"wp:attachment":[{"href":"https:\/\/miles-lift.com\/de\/wp-json\/wp\/v2\/media?parent=1437"}],"curies":[{"name":"wp","href":"https:\/\/api.w.org\/{rel}","templated":true}]}}